{"id":4190,"date":"2016-03-18T14:53:06","date_gmt":"2016-03-18T13:53:06","guid":{"rendered":"http:\/\/lespirogues.com\/en\/?page_id=4190"},"modified":"2025-03-04T09:09:02","modified_gmt":"2025-03-04T08:09:02","slug":"escalade","status":"publish","type":"page","link":"https:\/\/www.lespirogues.com\/en\/escalade\/","title":{"rendered":"ESCALADE"},"content":{"rendered":"<div class=\"wpb-content-wrapper\"><p>[vc_row][vc_column][vc_column_text css=\u00a0\u00bb.vc_custom_1458309378767{padding-top: 10px !important;padding-right: 10px !important;padding-bottom: 10px !important;padding-left: 10px !important;background-color: #1d6d90 !important;}\u00a0\u00bb]<\/p>\n<h1 style=\"text-align: center;\"><span style=\"color: #000000;\"><span style=\"color: #ffffff;\">Escalade dans les Alpes maritimes 06 Nice Cannes Antibes Monaco<\/span><br \/>\n<\/span><\/h1>\n<p>[\/vc_column_text][\/vc_column][\/vc_row][vc_row][vc_column width=\u00a0\u00bb1\/4&Prime;][vc_single_image image=\u00a0\u00bb5215&Prime; img_size=\u00a0\u00bbmedium\u00a0\u00bb css=\u00a0\u00bb\u00a0\u00bb][\/vc_column][vc_column width=\u00a0\u00bb1\/2&Prime;][vc_column_text]<\/p>\n<div id=\"yiv1068896274yui_3_16_0_1_1453318018466_6169\" dir=\"ltr\">\n<div id=\"yiv1068896274yui_3_16_0_1_1454067492975_54159\" class=\"yiv1068896274\">\n<div id=\"yiv1068896274yui_3_16_0_1_1457646837539_4800\">\n<h5 class=\"yiv1068896274\" dir=\"ltr\"><span style=\"color: #1d6d90;\">D\u00e9velopper son agilit\u00e9 et d\u00e9couvrir le plaisir de grimper.<\/span><\/h5>\n<p><span style=\"color: #333333;\">Aujourd&rsquo;hui l&rsquo;escalade en milieu naturel s&rsquo;est largement d\u00e9mocratis\u00e9e, dans les Alpes Maritimes elle connait un grand essor car elle peut se pratiquer toute l&rsquo;ann\u00e9e et s&rsquo;organiser dans diff\u00e9rents espaces (naturels ou artificiels). Cette activit\u00e9 se d\u00e9cline sous plusieurs formes :<\/span><\/p>\n<ul>\n<li><span style=\"color: #333333;\">\u00ab Le bloc \u00bb qui consiste \u00e0 escalader des blocs d\u2019une hauteur inf\u00e9rieure \u00e0 4 m\u00e8tres,<\/span><\/li>\n<li><span style=\"color: #333333;\">\u00ab L\u2019escalade sportive ou de difficult\u00e9\u00bb, qui consiste \u00e0 grimper sur des falaises d\u2019une hauteur d\u2019une vingtaine de m\u00e8tres,<\/span><\/li>\n<li><span style=\"color: #333333;\">\u00ab L\u2019escalade en grande-voie \u00bb se pratique sur des parois de plusieurs dizaines de m\u00e8tres (de 50 \u00e0 1000 m\u00e8tres)<\/span><\/li>\n<li><span style=\"color: #333333;\">\u00ab L\u2019escalade en salle \u00bb se pratique dans des structures artificielles (SAE) o\u00f9 l&rsquo;on peut retrouver des espaces de blocs et des voies de faible hauteur destin\u00e9e \u00e0 l\u2019escalade sportive.<\/span><\/li>\n<\/ul>\n<\/div>\n<div><span style=\"color: #333333;\">\u00a0<\/span><\/div>\n<div id=\"yiv1068896274yui_3_16_0_1_1454172480353_8362\"><span style=\"color: #333333;\">Encadr\u00e9 par un moniteur vous maitriserez rapidement le mat\u00e9riel et les techniques de s\u00e9curit\u00e9.<\/span><\/div>\n<\/div>\n<div id=\"yiv1068896274yui_3_16_0_1_1454067492975_54161\" class=\"yiv1068896274\" dir=\"ltr\"><span style=\"color: #333333;\">Confiance, d\u00e9passement de soi et responsabilisation sont autant de valeurs transmises par la pratique de l&rsquo;escalade.<br \/>\n<\/span><\/div>\n<\/div>\n<p>&nbsp;<\/p>\n<div id=\"yiv1068896274yui_3_16_0_1_1453318018466_6170\" dir=\"ltr\"><\/div>\n<p>[\/vc_column_text][\/vc_column][vc_column width=\u00a0\u00bb1\/4&Prime;][vc_single_image image=\u00a0\u00bb5218&Prime; img_size=\u00a0\u00bbmedium\u00a0\u00bb css=\u00a0\u00bb\u00a0\u00bb][\/vc_column][\/vc_row][vc_row][vc_column][vc_column_text css=\u00a0\u00bb.vc_custom_1458338649449{padding-top: 10px !important;padding-right: 10px !important;padding-bottom: 10px !important;padding-left: 10px !important;background-color: #1d6d90 !important;}\u00a0\u00bb]<\/p>\n<h2 style=\"text-align: center;\"><span style=\"color: #000000;\"><span style=\"color: #ffffff;\">Escalade \u00e0 la Turbie, au Baou St Jeannet, Contes, Levens, Annot<\/span><br \/>\n<\/span><\/h2>\n<p>[\/vc_column_text][\/vc_column][\/vc_row][vc_row][vc_column width=\u00a0\u00bb1\/3&Prime;][vc_tta_accordion][vc_tta_section title=\u00a0\u00bbPour qui ?\u00a0\u00bb tab_id=\u00a0\u00bb1458322732380-126fceaa-c082&Prime;][vc_column_text]<span style=\"color: #333333;\"><strong>Tout le monde<\/strong> peut se mettre \u00e0 l&rsquo;escalade, pas besoin d&rsquo;\u00eatre un athl\u00e8te pour gravir des falaises. En initiation nous vous orienterons sur des secteurs o\u00f9 les falaises inclin\u00e9es et la multitude de prises vous permettront d&rsquo;apprendre les gestuelles de base en toute s\u00e9r\u00e9nit\u00e9.<\/span>[\/vc_column_text][\/vc_tta_section][vc_tta_section title=\u00a0\u00bbTarif\u00a0\u00bb tab_id=\u00a0\u00bb1458322732378-3bc87bca-d3cb\u00a0\u00bb][vc_column_text]<\/p>\n<h5 style=\"text-align: left;\">En demi-journ\u00e9e\u00a0\u00a0\u00a0\u00a0\u00a0\u00a0\u00a0\u00a0\u00a0\u00a0\u00a0\u00a0\u00a0\u00a0\u00a0\u00a0\u00a0\u00a0\u00a0\u00a0\u00a0\u00a0\u00a0 <span style=\"color: #008080;\">en journ\u00e9e<\/span><\/h5>\n<p>De 1 \u00e0 3 personnes : 150\u20ac\u00a0\u00a0\u00a0\u00a0\u00a0\u00a0\u00a0\u00a0\u00a0\u00a0\u00a0\u00a0\u00a0\u00a0 \u00a0 \u00a0 \u00a0 \u00a0 \u00a0 <span style=\"color: #008080;\">250\u20ac<\/span><\/p>\n<p>De 4 \u00e0 6 personnes\u00a0 : 40\u20ac\/personne\u00a0\u00a0\u00a0\u00a0\u00a0\u00a0\u00a0\u00a0 <span style=\"color: #008080;\">60\u20ac<\/span><\/p>\n<p>De 6 \u00e0 8 personnes : 35\u20ac\/personne\u00a0\u00a0\u00a0\u00a0\u00a0\u00a0\u00a0\u00a0\u00a0\u00a0 <span style=\"color: #008080;\">50\u20ac<\/span>[\/vc_column_text][\/vc_tta_section][\/vc_tta_accordion][\/vc_column][vc_column width=\u00a0\u00bb1\/3&Prime;][vc_tta_accordion][vc_tta_section title=\u00a0\u00bbA quelle p\u00e9riode ?\u00a0\u00bb tab_id=\u00a0\u00bb1458322741921-850874b7-8bbd\u00a0\u00bb][vc_column_text]<span style=\"color: #333333;\">Paradis des sports de plein air, les Alpes maritimes permettent de pratiquer l&rsquo;escalade <strong>toute l&rsquo;ann\u00e9e<\/strong>. L&rsquo;orientation des secteurs ou l&rsquo;altitude des sites permettent de \u00ab\u00a0l\u00e9zarder\u00a0\u00bb en plein hiver sur les parois de la Turbie, ou l&rsquo;\u00e9t\u00e9 de grimper \u00e0 l&rsquo;ombre ou \u00e0 la \u00ab\u00a0fra\u00eeche\u00a0\u00bb en montagne.<\/span>[\/vc_column_text][\/vc_tta_section][vc_tta_section title=\u00a0\u00bbMat\u00e9riel\u00a0\u00bb tab_id=\u00a0\u00bb1458322741923-80a5b8e2-45b6&Prime;][vc_column_text]<\/p>\n<h5 style=\"text-align: center;\"><span style=\"color: #008080;\">Mat\u00e9riel r\u00e9cent et au norme CE<\/span><\/h5>\n<ul>\n<li><span style=\"color: #333333;\">Mat\u00e9riel fourni : baudrier, casque, cordes&#8230;.<br style=\"color: #333333;\" \/><\/span><\/li>\n<li><span style=\"color: #333333;\">A pr\u00e9voir : chaussure de sport, lunettes de soleil, sac \u00e0 dos, eau<\/span><\/li>\n<\/ul>\n<p>[\/vc_column_text][\/vc_tta_section][\/vc_tta_accordion][\/vc_column][vc_column width=\u00a0\u00bb1\/3&Prime;][vc_tta_accordion][vc_tta_section title=\u00a0\u00bbO\u00f9 grimper ?\u00a0\u00bb tab_id=\u00a0\u00bb1458322737905-8cb7ed59-2b0d\u00a0\u00bb][vc_column_text]<span style=\"color: #333333;\">En fonction de votre localisation nous vous donnons rdv au plus proche. La <strong>Turbie<\/strong>, le Baou de <strong>St jeannet<\/strong>, <strong>Contes<\/strong>, Levens, les Gorges du loup sont autant de secteurs adapt\u00e9s \u00e0 l&rsquo;initiation ou au perfectionnement. En cas de mauvais temps les salles d&rsquo;escalade sont une autre alternative.<\/span>[\/vc_column_text][\/vc_tta_section][vc_tta_section title=\u00a0\u00bbS\u00e9curit\u00e9\u00a0\u00bb tab_id=\u00a0\u00bb1458322737907-2695d668-c0ae\u00a0\u00bb][vc_column_text]<span style=\"color: #333333;\">Encadr\u00e9s par un guide exp\u00e9riment\u00e9 et qualifi\u00e9 (brevet d&rsquo;\u00e9tat) vous apprendrez les techniques d&rsquo;assurage\u00a0 et de progression en falaise. Le moniteur vous apportera des conseils et des astuces dans votre gestuelle d\u2019escalade et il assurera la s\u00e9curit\u00e9 de la s\u00e9ance.<\/span>[\/vc_column_text][\/vc_tta_section][\/vc_tta_accordion][\/vc_column][\/vc_row][vc_row][vc_column][vc_column_text css=\u00a0\u00bb.vc_custom_1457613281540{padding: 10px !important;background-color: #1d6d90 !important;}\u00a0\u00bb]<\/p>\n<h3 style=\"text-align: center;\"><span style=\"color: #000000;\"><span style=\"color: #ffffff;\"><i class=\"icon-check\" style=\"\" aria-hidden=\"true\"><\/i> Organisation de la sortie<\/span><br \/>\n<\/span><\/h3>\n<p>[\/vc_column_text][\/vc_column][\/vc_row][vc_row][vc_column width=\u00a0\u00bb1\/4&Prime;][vc_icon icon_fontawesome=\u00a0\u00bbfa fa-phone-square\u00a0\u00bb color=\u00a0\u00bbblack\u00a0\u00bb background_style=\u00a0\u00bbrounded-outline\u00a0\u00bb background_color=\u00a0\u00bbcustom\u00a0\u00bb size=\u00a0\u00bblg\u00a0\u00bb align=\u00a0\u00bbcenter\u00a0\u00bb custom_background_color=\u00a0\u00bb#1d6d90&Prime;][vc_column_text]<\/p>\n<h3 style=\"text-align: center;\"><span style=\"color: #333333;\">Comment r\u00e9server ?<\/span><\/h3>\n<p>[\/vc_column_text][vc_tta_accordion style=\u00a0\u00bbmodern\u00a0\u00bb color=\u00a0\u00bbpeacoc\u00a0\u00bb active_section=\u00a0\u00bb\u00a0\u00bb collapsible_all=\u00a0\u00bbtrue\u00a0\u00bb][vc_tta_section title=\u00a0\u00bbPar t\u00e9l\u00e9phone\u00a0\u00bb tab_id=\u00a0\u00bb1457202158745-fd49c3a6-b6d1&Prime;][vc_column_text]<\/p>\n<h5 style=\"text-align: center;\"><span style=\"color: #333333;\">Pour plus d&rsquo;infos appelez nous .<br \/>\n<\/span><\/h5>\n<h3 style=\"text-align: center;\"><span style=\"color: #1d6d90;\">Tel : 06 63 25 49 97<\/span><\/h3>\n<p style=\"text-align: center;\"><span style=\"color: #333333;\">Nous sommes en activit\u00e9&#8230; laissez un message avec :<\/span><\/p>\n<ul>\n<li><span style=\"color: #333333;\">Votre n\u00b0 de tel <\/span><\/li>\n<li><span style=\"color: #333333;\">Nom et nombre de personnes<\/span><\/li>\n<li><span style=\"color: #333333;\">Vos dates<\/span><\/li>\n<\/ul>\n<p style=\"text-align: center;\"><strong><span style=\"color: #333333;\">On vous rappellera aussit\u00f4t !<br \/>\n<\/span><\/strong>[\/vc_column_text][\/vc_tta_section][vc_tta_section title=\u00a0\u00bbPar mail\u00a0\u00bb tab_id=\u00a0\u00bb1457202158747-3cd44d60-c677&Prime;][vc_column_text]<\/p>\n<h5 style=\"text-align: center;\"><span style=\"color: #333333;\">Laissez nous votre message sans oublier :<\/span><\/h5>\n<ul>\n<li><span style=\"color: #333333;\">votre mail et votre nom<\/span><\/li>\n<li><span style=\"color: #333333;\">nombre de personnes et dates<\/span><\/li>\n<li><span style=\"color: #333333;\">pour confirmer nous avons besoin du poids et de la taille des participants (pour les tailles de combinaisons)<\/span><\/li>\n<\/ul>\n<p>[\/vc_column_text][\/vc_tta_section][\/vc_tta_accordion][\/vc_column][vc_column width=\u00a0\u00bb1\/4&Prime;][vc_icon icon_fontawesome=\u00a0\u00bbfa fa-eur\u00a0\u00bb color=\u00a0\u00bbblack\u00a0\u00bb background_style=\u00a0\u00bbrounded-outline\u00a0\u00bb background_color=\u00a0\u00bbcustom\u00a0\u00bb size=\u00a0\u00bblg\u00a0\u00bb align=\u00a0\u00bbcenter\u00a0\u00bb custom_background_color=\u00a0\u00bb#1d6d90&Prime;][vc_column_text]<\/p>\n<h2 style=\"text-align: center;\"><span style=\"color: #333333;\">Paiement<\/span><\/h2>\n<p>[\/vc_column_text][vc_tta_accordion style=\u00a0\u00bbmodern\u00a0\u00bb color=\u00a0\u00bbpeacoc\u00a0\u00bb active_section=\u00a0\u00bb\u00a0\u00bb collapsible_all=\u00a0\u00bbtrue\u00a0\u00bb][vc_tta_section title=\u00a0\u00bbTarif\u00a0\u00bb tab_id=\u00a0\u00bb1457202158762-ae9afb34-bff9&Prime;]<div class=\"pricing-box  pricing-box-box\"><div class=\"plan-header\"><h2 class=\"title \">Tarif<\/h2><div class=\"price\"><sup class=\"currency\"><\/sup><span>45\u20ac<\/span><sup class=\"period\">\/personne<\/sup><\/div><hr class=\"hr_color\" \/><p class=\"subtitle\"><big>tarif groupe<\/big><\/p><\/div><div class=\"plan-inside\"><span class=\"pi-content\">40\u20ac \u00e0 partir de 8 personnes<\/span><\/div><div class=\"plan-footer\"><a href=\"http:\/\/contact\" class=\"button button_theme \"  title=\"R\u00e9server\"><span class=\"button_label\">R\u00e9server<\/span><\/a><\/div><\/div>\n[\/vc_tta_section][vc_tta_section title=\u00a0\u00bbPaiement\u00a0\u00bb tab_id=\u00a0\u00bb1457202158765-26b61cb1-69ae\u00a0\u00bb][vc_column_text]<\/p>\n<h6><span style=\"color: #333333;\">R\u00e8glement directement au guide le jour de l&rsquo;activit\u00e9 :<\/span><\/h6>\n<ul>\n<li><span style=\"color: #333333;\">En esp\u00e8ce ou ch\u00e8que<\/span><\/li>\n<li><span style=\"color: #333333;\">Ch\u00e8ques vacances <strong>ANCV <\/strong>accept\u00e9s<\/span><\/li>\n<li><span style=\"color: #333333;\">Pas de carte bancaire\u00a0 <strong>NO CB<\/strong><\/span><\/li>\n<\/ul>\n<p>[\/vc_column_text][\/vc_tta_section][\/vc_tta_accordion][\/vc_column][vc_column width=\u00a0\u00bb1\/4&Prime;][vc_icon icon_fontawesome=\u00a0\u00bbfa fa-bus\u00a0\u00bb color=\u00a0\u00bbblack\u00a0\u00bb background_style=\u00a0\u00bbrounded-outline\u00a0\u00bb background_color=\u00a0\u00bbcustom\u00a0\u00bb size=\u00a0\u00bblg\u00a0\u00bb align=\u00a0\u00bbcenter\u00a0\u00bb custom_background_color=\u00a0\u00bb#1d6d90&Prime;][vc_column_text]<\/p>\n<h3 style=\"text-align: center;\"><span style=\"color: #333333;\">Transport<\/span><\/h3>\n<p>[\/vc_column_text][vc_tta_accordion style=\u00a0\u00bbmodern\u00a0\u00bb color=\u00a0\u00bbpeacoc\u00a0\u00bb active_section=\u00a0\u00bb\u00a0\u00bb collapsible_all=\u00a0\u00bbtrue\u00a0\u00bb][vc_tta_section title=\u00a0\u00bbItin\u00e9raire\u00a0\u00bb tab_id=\u00a0\u00bb1457202158772-88328b51-6024&Prime;][\/vc_tta_section][vc_tta_section title=\u00a0\u00bbMinibus\u00a0\u00bb tab_id=\u00a0\u00bb1457202158773-be546678-4b5d\u00a0\u00bb][vc_column_text]<\/p>\n<h6 style=\"text-align: center;\"><span style=\"color: #333333;\">Transport en minibus climatis\u00e9 :<br \/>\n<\/span><\/h6>\n<ul>\n<li><span style=\"color: #333333;\">Pour des groupes constitu\u00e9s de 8 personnes maximum<\/span><\/li>\n<li><span style=\"color: #333333;\">Ex: Canyon de Barbaira, Gorges du loup, Via ferrata<br \/>\n<\/span><\/li>\n<li><span style=\"color: #333333;\">Devis sur demande<\/span><\/li>\n<\/ul>\n<p>[\/vc_column_text][\/vc_tta_section][\/vc_tta_accordion][\/vc_column][vc_column width=\u00a0\u00bb1\/4&Prime;][vc_icon icon_fontawesome=\u00a0\u00bbfa fa-camera\u00a0\u00bb color=\u00a0\u00bbblack\u00a0\u00bb background_style=\u00a0\u00bbrounded-outline\u00a0\u00bb background_color=\u00a0\u00bbcustom\u00a0\u00bb size=\u00a0\u00bblg\u00a0\u00bb align=\u00a0\u00bbcenter\u00a0\u00bb custom_background_color=\u00a0\u00bb#1d6d90&Prime;][vc_column_text]<\/p>\n<h3 style=\"text-align: center;\"><span style=\"color: #333333;\">Photo\/vid\u00e9o<\/span><\/h3>\n<p>[\/vc_column_text][vc_tta_accordion style=\u00a0\u00bbmodern\u00a0\u00bb color=\u00a0\u00bbpeacoc\u00a0\u00bb active_section=\u00a0\u00bb\u00a0\u00bb collapsible_all=\u00a0\u00bbtrue\u00a0\u00bb][vc_tta_section title=\u00a0\u00bbPhoto\u00a0\u00bb tab_id=\u00a0\u00bb1457202158779-161926a9-ddb5&Prime;][vc_column_text]<\/p>\n<h5 style=\"text-align: center;\"><span style=\"color: #333333;\">Reportage photo <span style=\"color: #ff6600;\">25\u20ac<\/span><br \/>\n<\/span><\/h5>\n<ul>\n<li><span style=\"color: #333333;\">Nous fournissons un appareil photo \u00e9tanche<\/span><\/li>\n<li><span style=\"color: #333333;\">Vous repartez directement avec une carte m\u00e9moire<\/span><\/li>\n<\/ul>\n<p>[\/vc_column_text][\/vc_tta_section][vc_tta_section title=\u00a0\u00bbVid\u00e9o\u00a0\u00bb tab_id=\u00a0\u00bb1457202158782-3b31f2ca-062a\u00a0\u00bb][vc_column_text]<span style=\"color: #333333;\">Reportage vid\u00e9o sur demande, nous contacter.<\/span><\/p>\n<p>&nbsp;[\/vc_column_text][\/vc_tta_section][\/vc_tta_accordion][\/vc_column][\/vc_row]<\/p>\n<\/div>","protected":false},"excerpt":{"rendered":"<p>[vc_row][vc_column][vc_column_text css=\u00a0\u00bb.vc_custom_1458309378767{padding-top: 10px !important;padding-right: 10px !important;padding-bottom: 10px !important;padding-left: 10px !important;background-color: #1d6d90 !important;}\u00a0\u00bb] Escalade dans les Alpes maritimes 06 Nice Cannes Antibes Monaco [\/vc_column_text][\/vc_column][\/vc_row][vc_row][vc_column width=\u00a0\u00bb1\/4&Prime;][vc_single_image image=\u00a0\u00bb5215&Prime; img_size=\u00a0\u00bbmedium\u00a0\u00bb<span class=\"excerpt-hellip\"> [\u2026]<\/span><\/p>\n","protected":false},"author":1,"featured_media":0,"parent":0,"menu_order":0,"comment_status":"closed","ping_status":"closed","template":"","meta":{"ngg_post_thumbnail":0,"footnotes":""},"class_list":["post-4190","page","type-page","status-publish","hentry"],"yoast_head":"<!-- This site is optimized with the Yoast SEO plugin v24.9 - https:\/\/yoast.com\/wordpress\/plugins\/seo\/ -->\n<title>Escalade dans les Alpes Maritimes Nice \u2013 Monaco \u2013 Cannes<\/title>\n<meta name=\"description\" content=\"Initiation escalade dans les Alpes Maritimes encadr\u00e9 par des guides professionnels. Sortie en demi-journ\u00e9e ou journ\u00e9e compl\u00e8te autour de Nice dans le 06.\" \/>\n<meta name=\"robots\" content=\"index, follow, max-snippet:-1, max-image-preview:large, max-video-preview:-1\" \/>\n<link rel=\"canonical\" href=\"https:\/\/www.lespirogues.com\/en\/escalade\/\" \/>\n<meta property=\"og:locale\" content=\"fr_FR\" \/>\n<meta property=\"og:type\" content=\"article\" \/>\n<meta property=\"og:title\" content=\"Escalade dans les Alpes Maritimes Nice \u2013 Monaco \u2013 Cannes\" \/>\n<meta property=\"og:description\" content=\"Initiation escalade dans les Alpes Maritimes encadr\u00e9 par des guides professionnels. Sortie en demi-journ\u00e9e ou journ\u00e9e compl\u00e8te autour de Nice dans le 06.\" \/>\n<meta property=\"og:url\" content=\"https:\/\/www.lespirogues.com\/en\/escalade\/\" \/>\n<meta property=\"og:site_name\" content=\"Les pirogues EN\" \/>\n<meta property=\"article:publisher\" content=\"https:\/\/www.facebook.com\/Les-Pirogues-196343400391466\/\" \/>\n<meta property=\"article:modified_time\" content=\"2025-03-04T08:09:02+00:00\" \/>\n<meta name=\"twitter:card\" content=\"summary_large_image\" \/>\n<meta name=\"twitter:label1\" content=\"Dur\u00e9e de lecture estim\u00e9e\" \/>\n\t<meta name=\"twitter:data1\" content=\"6 minutes\" \/>\n<script type=\"application\/ld+json\" class=\"yoast-schema-graph\">{\"@context\":\"https:\/\/schema.org\",\"@graph\":[{\"@type\":\"WebPage\",\"@id\":\"https:\/\/www.lespirogues.com\/en\/escalade\/\",\"url\":\"https:\/\/www.lespirogues.com\/en\/escalade\/\",\"name\":\"Escalade dans les Alpes Maritimes Nice \u2013 Monaco \u2013 Cannes\",\"isPartOf\":{\"@id\":\"https:\/\/www.lespirogues.com\/en\/#website\"},\"datePublished\":\"2016-03-18T13:53:06+00:00\",\"dateModified\":\"2025-03-04T08:09:02+00:00\",\"description\":\"Initiation escalade dans les Alpes Maritimes encadr\u00e9 par des guides professionnels. Sortie en demi-journ\u00e9e ou journ\u00e9e compl\u00e8te autour de Nice dans le 06.\",\"breadcrumb\":{\"@id\":\"https:\/\/www.lespirogues.com\/en\/escalade\/#breadcrumb\"},\"inLanguage\":\"fr-FR\",\"potentialAction\":[{\"@type\":\"ReadAction\",\"target\":[\"https:\/\/www.lespirogues.com\/en\/escalade\/\"]}]},{\"@type\":\"BreadcrumbList\",\"@id\":\"https:\/\/www.lespirogues.com\/en\/escalade\/#breadcrumb\",\"itemListElement\":[{\"@type\":\"ListItem\",\"position\":1,\"name\":\"Accueil\",\"item\":\"https:\/\/www.lespirogues.com\/en\/\"},{\"@type\":\"ListItem\",\"position\":2,\"name\":\"ESCALADE\"}]},{\"@type\":\"WebSite\",\"@id\":\"https:\/\/www.lespirogues.com\/en\/#website\",\"url\":\"https:\/\/www.lespirogues.com\/en\/\",\"name\":\"canyoning\",\"description\":\"Sp\u00e9cialiste du canyoning et rafting \u00e0 Nice !\",\"publisher\":{\"@id\":\"https:\/\/www.lespirogues.com\/en\/#organization\"},\"potentialAction\":[{\"@type\":\"SearchAction\",\"target\":{\"@type\":\"EntryPoint\",\"urlTemplate\":\"https:\/\/www.lespirogues.com\/en\/?s={search_term_string}\"},\"query-input\":{\"@type\":\"PropertyValueSpecification\",\"valueRequired\":true,\"valueName\":\"search_term_string\"}}],\"inLanguage\":\"fr-FR\"},{\"@type\":\"Organization\",\"@id\":\"https:\/\/www.lespirogues.com\/en\/#organization\",\"name\":\"les pirogues\",\"url\":\"https:\/\/www.lespirogues.com\/en\/\",\"logo\":{\"@type\":\"ImageObject\",\"inLanguage\":\"fr-FR\",\"@id\":\"https:\/\/www.lespirogues.com\/en\/#\/schema\/logo\/image\/\",\"url\":\"https:\/\/www.lespirogues.com\/en\/wp-content\/uploads\/2016\/04\/logo1.png\",\"contentUrl\":\"https:\/\/www.lespirogues.com\/en\/wp-content\/uploads\/2016\/04\/logo1.png\",\"width\":143,\"height\":60,\"caption\":\"les pirogues\"},\"image\":{\"@id\":\"https:\/\/www.lespirogues.com\/en\/#\/schema\/logo\/image\/\"},\"sameAs\":[\"https:\/\/www.facebook.com\/Les-Pirogues-196343400391466\/\",\"https:\/\/www.youtube.com\/user\/lespirogues\/featured\"]}]}<\/script>\n<!-- \/ Yoast SEO plugin. -->","yoast_head_json":{"title":"Escalade dans les Alpes Maritimes Nice \u2013 Monaco \u2013 Cannes","description":"Initiation escalade dans les Alpes Maritimes encadr\u00e9 par des guides professionnels. Sortie en demi-journ\u00e9e ou journ\u00e9e compl\u00e8te autour de Nice dans le 06.","robots":{"index":"index","follow":"follow","max-snippet":"max-snippet:-1","max-image-preview":"max-image-preview:large","max-video-preview":"max-video-preview:-1"},"canonical":"https:\/\/www.lespirogues.com\/en\/escalade\/","og_locale":"fr_FR","og_type":"article","og_title":"Escalade dans les Alpes Maritimes Nice \u2013 Monaco \u2013 Cannes","og_description":"Initiation escalade dans les Alpes Maritimes encadr\u00e9 par des guides professionnels. Sortie en demi-journ\u00e9e ou journ\u00e9e compl\u00e8te autour de Nice dans le 06.","og_url":"https:\/\/www.lespirogues.com\/en\/escalade\/","og_site_name":"Les pirogues EN","article_publisher":"https:\/\/www.facebook.com\/Les-Pirogues-196343400391466\/","article_modified_time":"2025-03-04T08:09:02+00:00","twitter_card":"summary_large_image","twitter_misc":{"Dur\u00e9e de lecture estim\u00e9e":"6 minutes"},"schema":{"@context":"https:\/\/schema.org","@graph":[{"@type":"WebPage","@id":"https:\/\/www.lespirogues.com\/en\/escalade\/","url":"https:\/\/www.lespirogues.com\/en\/escalade\/","name":"Escalade dans les Alpes Maritimes Nice \u2013 Monaco \u2013 Cannes","isPartOf":{"@id":"https:\/\/www.lespirogues.com\/en\/#website"},"datePublished":"2016-03-18T13:53:06+00:00","dateModified":"2025-03-04T08:09:02+00:00","description":"Initiation escalade dans les Alpes Maritimes encadr\u00e9 par des guides professionnels. Sortie en demi-journ\u00e9e ou journ\u00e9e compl\u00e8te autour de Nice dans le 06.","breadcrumb":{"@id":"https:\/\/www.lespirogues.com\/en\/escalade\/#breadcrumb"},"inLanguage":"fr-FR","potentialAction":[{"@type":"ReadAction","target":["https:\/\/www.lespirogues.com\/en\/escalade\/"]}]},{"@type":"BreadcrumbList","@id":"https:\/\/www.lespirogues.com\/en\/escalade\/#breadcrumb","itemListElement":[{"@type":"ListItem","position":1,"name":"Accueil","item":"https:\/\/www.lespirogues.com\/en\/"},{"@type":"ListItem","position":2,"name":"ESCALADE"}]},{"@type":"WebSite","@id":"https:\/\/www.lespirogues.com\/en\/#website","url":"https:\/\/www.lespirogues.com\/en\/","name":"canyoning","description":"Sp\u00e9cialiste du canyoning et rafting \u00e0 Nice !","publisher":{"@id":"https:\/\/www.lespirogues.com\/en\/#organization"},"potentialAction":[{"@type":"SearchAction","target":{"@type":"EntryPoint","urlTemplate":"https:\/\/www.lespirogues.com\/en\/?s={search_term_string}"},"query-input":{"@type":"PropertyValueSpecification","valueRequired":true,"valueName":"search_term_string"}}],"inLanguage":"fr-FR"},{"@type":"Organization","@id":"https:\/\/www.lespirogues.com\/en\/#organization","name":"les pirogues","url":"https:\/\/www.lespirogues.com\/en\/","logo":{"@type":"ImageObject","inLanguage":"fr-FR","@id":"https:\/\/www.lespirogues.com\/en\/#\/schema\/logo\/image\/","url":"https:\/\/www.lespirogues.com\/en\/wp-content\/uploads\/2016\/04\/logo1.png","contentUrl":"https:\/\/www.lespirogues.com\/en\/wp-content\/uploads\/2016\/04\/logo1.png","width":143,"height":60,"caption":"les pirogues"},"image":{"@id":"https:\/\/www.lespirogues.com\/en\/#\/schema\/logo\/image\/"},"sameAs":["https:\/\/www.facebook.com\/Les-Pirogues-196343400391466\/","https:\/\/www.youtube.com\/user\/lespirogues\/featured"]}]}},"_links":{"self":[{"href":"https:\/\/www.lespirogues.com\/en\/wp-json\/wp\/v2\/pages\/4190","targetHints":{"allow":["GET"]}}],"collection":[{"href":"https:\/\/www.lespirogues.com\/en\/wp-json\/wp\/v2\/pages"}],"about":[{"href":"https:\/\/www.lespirogues.com\/en\/wp-json\/wp\/v2\/types\/page"}],"author":[{"embeddable":true,"href":"https:\/\/www.lespirogues.com\/en\/wp-json\/wp\/v2\/users\/1"}],"replies":[{"embeddable":true,"href":"https:\/\/www.lespirogues.com\/en\/wp-json\/wp\/v2\/comments?post=4190"}],"version-history":[{"count":0,"href":"https:\/\/www.lespirogues.com\/en\/wp-json\/wp\/v2\/pages\/4190\/revisions"}],"wp:attachment":[{"href":"https:\/\/www.lespirogues.com\/en\/wp-json\/wp\/v2\/media?parent=4190"}],"curies":[{"name":"wp","href":"https:\/\/api.w.org\/{rel}","templated":true}]}}