{"id":4187,"date":"2016-03-18T14:30:24","date_gmt":"2016-03-18T13:30:24","guid":{"rendered":"http:\/\/lespirogues.com\/en\/?page_id=4187"},"modified":"2016-04-05T16:44:39","modified_gmt":"2016-04-05T15:44:39","slug":"a-propos","status":"publish","type":"page","link":"https:\/\/www.lespirogues.com\/en\/a-propos\/","title":{"rendered":"A propos"},"content":{"rendered":"<div class=\"wpb-content-wrapper\"><p>[vc_row][vc_column][vc_row_inner][vc_column_inner width=\u00a0\u00bb1\/3&Prime;][vc_column_text]<img loading=\"lazy\" decoding=\"async\" class=\"alignnone size-medium wp-image-4087\" src=\"http:\/\/lespirogues.com\/en\/wp-content\/uploads\/2016\/03\/thumb_16-mois-corse-331_1024-219x300.jpg\" alt=\"thumb_16 mois corse 331_1024\" width=\"219\" height=\"300\" srcset=\"https:\/\/www.lespirogues.com\/en\/wp-content\/uploads\/2016\/03\/thumb_16-mois-corse-331_1024-219x300.jpg 219w, https:\/\/www.lespirogues.com\/en\/wp-content\/uploads\/2016\/03\/thumb_16-mois-corse-331_1024-106x146.jpg 106w, https:\/\/www.lespirogues.com\/en\/wp-content\/uploads\/2016\/03\/thumb_16-mois-corse-331_1024-36x50.jpg 36w, https:\/\/www.lespirogues.com\/en\/wp-content\/uploads\/2016\/03\/thumb_16-mois-corse-331_1024-55x75.jpg 55w, https:\/\/www.lespirogues.com\/en\/wp-content\/uploads\/2016\/03\/thumb_16-mois-corse-331_1024.jpg 513w\" sizes=\"auto, (max-width:767px) 219px, 219px\" \/>[\/vc_column_text][\/vc_column_inner][vc_column_inner width=\u00a0\u00bb1\/3&Prime;][vc_column_text]<\/p>\n<h5 id=\"yiv3891906341yui_3_16_0_1_1454150034293_7289\"><span style=\"color: #333333;\">Robin Zavala : Guide de Kayak, escalade et Canyoning<\/span><\/h5>\n<h6><span style=\"color: #333333;\"><i class=\"icon-check\" style=\"\" aria-hidden=\"true\"><\/i>Dipl\u00f4m\u00e9 d&rsquo;Etat (DEJPS) d&rsquo;escalade et canyoning<\/span><\/h6>\n<p><span style=\"color: #333333;\"><i class=\"icon-check\" style=\"\" aria-hidden=\"true\"><\/i>Dipl\u00f4m\u00e9 d&rsquo;Etat (BEES) de cano\u00eb-kayak et disciplines associ\u00e9es (raft, nage en eau vive, paddle)\u00a0<\/span><\/p>\n<ul>\n<li><span style=\"color: #333333;\"> qualification compl\u00e9mentaire haute rivi\u00e8re <\/span><\/li>\n<li><span style=\"color: #333333;\">qualification compl\u00e9mentaire kayak de mer<br \/>\n<\/span><\/li>\n<\/ul>\n<p>[\/vc_column_text][\/vc_column_inner][vc_column_inner width=\u00a0\u00bb1\/3&Prime;][vc_column_text]<\/p>\n<h6><span style=\"color: #333333;\">Num\u00e9ro de carte pro : 00609ED0092<\/span><\/h6>\n<h6><span style=\"color: #333333;\">Assurance RC pro MMA : 118 889 030<br \/>\n<\/span><\/h6>\n<h6><span style=\"color: #333333;\">Num\u00e9ro de d\u00e9claration DDCS : 09-05-04<\/span><\/h6>\n<h6><span style=\"color: #333333;\">Num\u00e9ro de SIRET : 443 224 092 00041<br \/>\n<\/span><\/h6>\n<p>[\/vc_column_text][\/vc_column_inner][\/vc_row_inner][\/vc_column][\/vc_row]<\/p>\n<\/div>","protected":false},"excerpt":{"rendered":"<p>[vc_row][vc_column][vc_row_inner][vc_column_inner width=\u00a0\u00bb1\/3&Prime;][vc_column_text][\/vc_column_text][\/vc_column_inner][vc_column_inner width=\u00a0\u00bb1\/3&Prime;][vc_column_text] Robin Zavala : Guide de Kayak, escalade et Canyoning Dipl\u00f4m\u00e9 d&rsquo;Etat (DEJPS) d&rsquo;escalade et canyoning Dipl\u00f4m\u00e9 d&rsquo;Etat (BEES) de cano\u00eb-kayak et disciplines associ\u00e9es<span class=\"excerpt-hellip\"> [\u2026]<\/span><\/p>\n","protected":false},"author":1,"featured_media":0,"parent":0,"menu_order":0,"comment_status":"closed","ping_status":"closed","template":"","meta":{"ngg_post_thumbnail":0,"footnotes":""},"class_list":["post-4187","page","type-page","status-publish","hentry"],"yoast_head":"<!-- This site is optimized with the Yoast SEO plugin v24.9 - https:\/\/yoast.com\/wordpress\/plugins\/seo\/ -->\n<title>Robin zavala guide d\u2019escalade et kayak - Les Pirogues<\/title>\n<meta name=\"description\" content=\"Robin Zavala guide dipl\u00f4m\u00e9 d\u2019\u00e9tat de kayak escalade et canyon \u00e0 Nice. Encadrement en canyoning et rafting dans les Alpes Maritimes 06.\" \/>\n<meta name=\"robots\" content=\"index, follow, max-snippet:-1, max-image-preview:large, max-video-preview:-1\" \/>\n<link rel=\"canonical\" href=\"https:\/\/www.lespirogues.com\/en\/a-propos\/\" \/>\n<meta property=\"og:locale\" content=\"fr_FR\" \/>\n<meta property=\"og:type\" content=\"article\" \/>\n<meta property=\"og:title\" content=\"Robin zavala guide d\u2019escalade et kayak - Les Pirogues\" \/>\n<meta property=\"og:description\" content=\"Robin Zavala guide dipl\u00f4m\u00e9 d\u2019\u00e9tat de kayak escalade et canyon \u00e0 Nice. Encadrement en canyoning et rafting dans les Alpes Maritimes 06.\" \/>\n<meta property=\"og:url\" content=\"https:\/\/www.lespirogues.com\/en\/a-propos\/\" \/>\n<meta property=\"og:site_name\" content=\"Les pirogues EN\" \/>\n<meta property=\"article:publisher\" content=\"https:\/\/www.facebook.com\/Les-Pirogues-196343400391466\/\" \/>\n<meta property=\"article:modified_time\" content=\"2016-04-05T15:44:39+00:00\" \/>\n<meta property=\"og:image\" content=\"http:\/\/lespirogues.com\/en\/wp-content\/uploads\/2016\/03\/thumb_16-mois-corse-331_1024-219x300.jpg\" \/>\n<meta name=\"twitter:card\" content=\"summary_large_image\" \/>\n<meta name=\"twitter:label1\" content=\"Dur\u00e9e de lecture estim\u00e9e\" \/>\n\t<meta name=\"twitter:data1\" content=\"1 minute\" \/>\n<script type=\"application\/ld+json\" class=\"yoast-schema-graph\">{\"@context\":\"https:\/\/schema.org\",\"@graph\":[{\"@type\":\"WebPage\",\"@id\":\"https:\/\/www.lespirogues.com\/en\/a-propos\/\",\"url\":\"https:\/\/www.lespirogues.com\/en\/a-propos\/\",\"name\":\"Robin zavala guide d\u2019escalade et kayak - Les Pirogues\",\"isPartOf\":{\"@id\":\"https:\/\/www.lespirogues.com\/en\/#website\"},\"primaryImageOfPage\":{\"@id\":\"https:\/\/www.lespirogues.com\/en\/a-propos\/#primaryimage\"},\"image\":{\"@id\":\"https:\/\/www.lespirogues.com\/en\/a-propos\/#primaryimage\"},\"thumbnailUrl\":\"http:\/\/lespirogues.com\/en\/wp-content\/uploads\/2016\/03\/thumb_16-mois-corse-331_1024-219x300.jpg\",\"datePublished\":\"2016-03-18T13:30:24+00:00\",\"dateModified\":\"2016-04-05T15:44:39+00:00\",\"description\":\"Robin Zavala guide dipl\u00f4m\u00e9 d\u2019\u00e9tat de kayak escalade et canyon \u00e0 Nice. Encadrement en canyoning et rafting dans les Alpes Maritimes 06.\",\"breadcrumb\":{\"@id\":\"https:\/\/www.lespirogues.com\/en\/a-propos\/#breadcrumb\"},\"inLanguage\":\"fr-FR\",\"potentialAction\":[{\"@type\":\"ReadAction\",\"target\":[\"https:\/\/www.lespirogues.com\/en\/a-propos\/\"]}]},{\"@type\":\"ImageObject\",\"inLanguage\":\"fr-FR\",\"@id\":\"https:\/\/www.lespirogues.com\/en\/a-propos\/#primaryimage\",\"url\":\"http:\/\/lespirogues.com\/en\/wp-content\/uploads\/2016\/03\/thumb_16-mois-corse-331_1024-219x300.jpg\",\"contentUrl\":\"http:\/\/lespirogues.com\/en\/wp-content\/uploads\/2016\/03\/thumb_16-mois-corse-331_1024-219x300.jpg\"},{\"@type\":\"BreadcrumbList\",\"@id\":\"https:\/\/www.lespirogues.com\/en\/a-propos\/#breadcrumb\",\"itemListElement\":[{\"@type\":\"ListItem\",\"position\":1,\"name\":\"Accueil\",\"item\":\"https:\/\/www.lespirogues.com\/en\/\"},{\"@type\":\"ListItem\",\"position\":2,\"name\":\"A propos\"}]},{\"@type\":\"WebSite\",\"@id\":\"https:\/\/www.lespirogues.com\/en\/#website\",\"url\":\"https:\/\/www.lespirogues.com\/en\/\",\"name\":\"canyoning\",\"description\":\"Sp\u00e9cialiste du canyoning et rafting \u00e0 Nice !\",\"publisher\":{\"@id\":\"https:\/\/www.lespirogues.com\/en\/#organization\"},\"potentialAction\":[{\"@type\":\"SearchAction\",\"target\":{\"@type\":\"EntryPoint\",\"urlTemplate\":\"https:\/\/www.lespirogues.com\/en\/?s={search_term_string}\"},\"query-input\":{\"@type\":\"PropertyValueSpecification\",\"valueRequired\":true,\"valueName\":\"search_term_string\"}}],\"inLanguage\":\"fr-FR\"},{\"@type\":\"Organization\",\"@id\":\"https:\/\/www.lespirogues.com\/en\/#organization\",\"name\":\"les pirogues\",\"url\":\"https:\/\/www.lespirogues.com\/en\/\",\"logo\":{\"@type\":\"ImageObject\",\"inLanguage\":\"fr-FR\",\"@id\":\"https:\/\/www.lespirogues.com\/en\/#\/schema\/logo\/image\/\",\"url\":\"https:\/\/www.lespirogues.com\/en\/wp-content\/uploads\/2016\/04\/logo1.png\",\"contentUrl\":\"https:\/\/www.lespirogues.com\/en\/wp-content\/uploads\/2016\/04\/logo1.png\",\"width\":143,\"height\":60,\"caption\":\"les pirogues\"},\"image\":{\"@id\":\"https:\/\/www.lespirogues.com\/en\/#\/schema\/logo\/image\/\"},\"sameAs\":[\"https:\/\/www.facebook.com\/Les-Pirogues-196343400391466\/\",\"https:\/\/www.youtube.com\/user\/lespirogues\/featured\"]}]}<\/script>\n<!-- \/ Yoast SEO plugin. -->","yoast_head_json":{"title":"Robin zavala guide d\u2019escalade et kayak - Les Pirogues","description":"Robin Zavala guide dipl\u00f4m\u00e9 d\u2019\u00e9tat de kayak escalade et canyon \u00e0 Nice. Encadrement en canyoning et rafting dans les Alpes Maritimes 06.","robots":{"index":"index","follow":"follow","max-snippet":"max-snippet:-1","max-image-preview":"max-image-preview:large","max-video-preview":"max-video-preview:-1"},"canonical":"https:\/\/www.lespirogues.com\/en\/a-propos\/","og_locale":"fr_FR","og_type":"article","og_title":"Robin zavala guide d\u2019escalade et kayak - Les Pirogues","og_description":"Robin Zavala guide dipl\u00f4m\u00e9 d\u2019\u00e9tat de kayak escalade et canyon \u00e0 Nice. Encadrement en canyoning et rafting dans les Alpes Maritimes 06.","og_url":"https:\/\/www.lespirogues.com\/en\/a-propos\/","og_site_name":"Les pirogues EN","article_publisher":"https:\/\/www.facebook.com\/Les-Pirogues-196343400391466\/","article_modified_time":"2016-04-05T15:44:39+00:00","og_image":[{"url":"http:\/\/lespirogues.com\/en\/wp-content\/uploads\/2016\/03\/thumb_16-mois-corse-331_1024-219x300.jpg","type":"","width":"","height":""}],"twitter_card":"summary_large_image","twitter_misc":{"Dur\u00e9e de lecture estim\u00e9e":"1 minute"},"schema":{"@context":"https:\/\/schema.org","@graph":[{"@type":"WebPage","@id":"https:\/\/www.lespirogues.com\/en\/a-propos\/","url":"https:\/\/www.lespirogues.com\/en\/a-propos\/","name":"Robin zavala guide d\u2019escalade et kayak - Les Pirogues","isPartOf":{"@id":"https:\/\/www.lespirogues.com\/en\/#website"},"primaryImageOfPage":{"@id":"https:\/\/www.lespirogues.com\/en\/a-propos\/#primaryimage"},"image":{"@id":"https:\/\/www.lespirogues.com\/en\/a-propos\/#primaryimage"},"thumbnailUrl":"http:\/\/lespirogues.com\/en\/wp-content\/uploads\/2016\/03\/thumb_16-mois-corse-331_1024-219x300.jpg","datePublished":"2016-03-18T13:30:24+00:00","dateModified":"2016-04-05T15:44:39+00:00","description":"Robin Zavala guide dipl\u00f4m\u00e9 d\u2019\u00e9tat de kayak escalade et canyon \u00e0 Nice. Encadrement en canyoning et rafting dans les Alpes Maritimes 06.","breadcrumb":{"@id":"https:\/\/www.lespirogues.com\/en\/a-propos\/#breadcrumb"},"inLanguage":"fr-FR","potentialAction":[{"@type":"ReadAction","target":["https:\/\/www.lespirogues.com\/en\/a-propos\/"]}]},{"@type":"ImageObject","inLanguage":"fr-FR","@id":"https:\/\/www.lespirogues.com\/en\/a-propos\/#primaryimage","url":"http:\/\/lespirogues.com\/en\/wp-content\/uploads\/2016\/03\/thumb_16-mois-corse-331_1024-219x300.jpg","contentUrl":"http:\/\/lespirogues.com\/en\/wp-content\/uploads\/2016\/03\/thumb_16-mois-corse-331_1024-219x300.jpg"},{"@type":"BreadcrumbList","@id":"https:\/\/www.lespirogues.com\/en\/a-propos\/#breadcrumb","itemListElement":[{"@type":"ListItem","position":1,"name":"Accueil","item":"https:\/\/www.lespirogues.com\/en\/"},{"@type":"ListItem","position":2,"name":"A propos"}]},{"@type":"WebSite","@id":"https:\/\/www.lespirogues.com\/en\/#website","url":"https:\/\/www.lespirogues.com\/en\/","name":"canyoning","description":"Sp\u00e9cialiste du canyoning et rafting \u00e0 Nice !","publisher":{"@id":"https:\/\/www.lespirogues.com\/en\/#organization"},"potentialAction":[{"@type":"SearchAction","target":{"@type":"EntryPoint","urlTemplate":"https:\/\/www.lespirogues.com\/en\/?s={search_term_string}"},"query-input":{"@type":"PropertyValueSpecification","valueRequired":true,"valueName":"search_term_string"}}],"inLanguage":"fr-FR"},{"@type":"Organization","@id":"https:\/\/www.lespirogues.com\/en\/#organization","name":"les pirogues","url":"https:\/\/www.lespirogues.com\/en\/","logo":{"@type":"ImageObject","inLanguage":"fr-FR","@id":"https:\/\/www.lespirogues.com\/en\/#\/schema\/logo\/image\/","url":"https:\/\/www.lespirogues.com\/en\/wp-content\/uploads\/2016\/04\/logo1.png","contentUrl":"https:\/\/www.lespirogues.com\/en\/wp-content\/uploads\/2016\/04\/logo1.png","width":143,"height":60,"caption":"les pirogues"},"image":{"@id":"https:\/\/www.lespirogues.com\/en\/#\/schema\/logo\/image\/"},"sameAs":["https:\/\/www.facebook.com\/Les-Pirogues-196343400391466\/","https:\/\/www.youtube.com\/user\/lespirogues\/featured"]}]}},"_links":{"self":[{"href":"https:\/\/www.lespirogues.com\/en\/wp-json\/wp\/v2\/pages\/4187","targetHints":{"allow":["GET"]}}],"collection":[{"href":"https:\/\/www.lespirogues.com\/en\/wp-json\/wp\/v2\/pages"}],"about":[{"href":"https:\/\/www.lespirogues.com\/en\/wp-json\/wp\/v2\/types\/page"}],"author":[{"embeddable":true,"href":"https:\/\/www.lespirogues.com\/en\/wp-json\/wp\/v2\/users\/1"}],"replies":[{"embeddable":true,"href":"https:\/\/www.lespirogues.com\/en\/wp-json\/wp\/v2\/comments?post=4187"}],"version-history":[{"count":0,"href":"https:\/\/www.lespirogues.com\/en\/wp-json\/wp\/v2\/pages\/4187\/revisions"}],"wp:attachment":[{"href":"https:\/\/www.lespirogues.com\/en\/wp-json\/wp\/v2\/media?parent=4187"}],"curies":[{"name":"wp","href":"https:\/\/api.w.org\/{rel}","templated":true}]}}