{"id":4099,"date":"2016-03-09T23:20:11","date_gmt":"2016-03-09T22:20:11","guid":{"rendered":"http:\/\/lespirogues.com\/en\/?page_id=4099"},"modified":"2016-04-05T14:04:09","modified_gmt":"2016-04-05T13:04:09","slug":"collectivite","status":"publish","type":"page","link":"https:\/\/www.lespirogues.com\/en\/collectivite\/","title":{"rendered":"Collectivit\u00e9"},"content":{"rendered":"<div class=\"wpb-content-wrapper\"><p>[vc_row][vc_column][vc_column_text css=\u00a0\u00bb.vc_custom_1458910555229{padding-top: 15px !important;padding-right: 15px !important;padding-bottom: 15px !important;padding-left: 15px !important;background-color: #1d6d90 !important;}\u00a0\u00bb]<\/p>\n<h1 style=\"text-align: center;\"><span style=\"color: #000000;\"><span style=\"color: #ffffff;\">Escalade &#8211; Kayak &#8211; Canyoning &#8211; via ferrata pour les collectivit\u00e9s<\/span><br \/>\n<\/span><\/h1>\n<p>[\/vc_column_text][\/vc_column][\/vc_row][vc_row][vc_column width=\u00a0\u00bb2\/3&Prime;][vc_column_text]<\/p>\n<h6 style=\"text-align: center;\"><span style=\"color: #333333;\"><b id=\"yiv3891906341yui_3_16_0_1_1454150034293_5065\">Collectivit\u00e9 &#8211; Centre a\u00e9r\u00e9 &#8211; Colonie de vacances<\/b><\/span><\/h6>\n<h6><span style=\"color: #333333;\">Vous pr\u00e9parez un s\u00e9jour pour des jeunes, vous voulez organiser un stage d&rsquo;initiation au kayak \u00e0 l&rsquo;escalade ou au canyoning, ou tout simplement organiser une apr\u00e8s midi sportive, nous avons plusieurs formules \u00e0 vous proposer.<br \/>\n<\/span><\/h6>\n<h6><span style=\"color: #333333;\">Les Alpes Maritimes disposent d&rsquo;un terrain de jeu id\u00e9al pour la pratique sportive de plein air.<\/span><\/h6>\n<h6><span style=\"color: #333333;\">Nous proposons un large cocktail d\u2019activit\u00e9s sportives\u00a0 que vous pourrez appr\u00e9cier en s\u00e9ances \u00ab d\u00e9couverte \u00bb ou sous forme de stage.<\/span><\/h6>\n<h6><span style=\"color: #333333;\">Confiance, d\u00e9passement de soi, responsabilisation et respect de la nature sont autant de valeurs transmises par la pratique de l&rsquo;escalade, du kayak ou du canyoning.<\/span><\/h6>\n<p>&nbsp;<\/p>\n<h6><span style=\"color: #333333;\"><strong>Exemple de sorties adapt\u00e9es : <\/strong><\/span><\/h6>\n<ul>\n<li>\n<h6><span style=\"color: #333333;\">Kayak sur la rivi\u00e8re du Var<br \/>\n<\/span><\/h6>\n<\/li>\n<li><span style=\"color: #333333;\">Canyoning ou randonn\u00e9e aquatique dans les Gorges du loup<\/span><\/li>\n<li><span style=\"color: #333333;\">Canyon de Cramassouri<\/span><\/li>\n<li>\n<h6><span style=\"color: #333333;\">Initiation escalade \u00e0 la Turbie, au Baou st Jeannet, Contes, Annot&#8230;<br \/>\n<\/span><\/h6>\n<\/li>\n<\/ul>\n<p>[\/vc_column_text][\/vc_column][vc_column width=\u00a0\u00bb1\/3&Prime;][vc_tta_accordion][vc_tta_section title=\u00a0\u00bbTarif\u00a0\u00bb tab_id=\u00a0\u00bb1458913728341-a151d0f0-1823&Prime;][vc_column_text]<\/p>\n<h6><span style=\"color: #333333;\">Nos forfaits collectivit\u00e9 <strong><span style=\"color: #008080;\">A PARTIR DE 250\u20ac<\/span><\/strong> permettent de b\u00e9n\u00e9ficier des meilleurs tarifs.<\/span><\/h6>\n<h6><span style=\"color: #333333;\">Pour plus d&rsquo;infos et le d\u00e9tail des tarif par activit\u00e9 , <strong><a href=\"http:\/\/lespirogues.com\/en\/contact\/\"><span style=\"color: #3366ff;\">NOUS CONTACTER<\/span><\/a><\/strong><\/span><\/h6>\n<p>[\/vc_column_text][\/vc_tta_section][vc_tta_section title=\u00a0\u00bbDipl\u00f4mes \/ Assurances\u00a0\u00bb tab_id=\u00a0\u00bb1458913728342-d9d13bfe-5041&Prime;][vc_column_text]<\/p>\n<h6><span style=\"color: #333333;\">Les activit\u00e9s sont encadr\u00e9es par des guides dipl\u00f4m\u00e9s d\u2019Etat qui sauront animer les s\u00e9ances et assurer la s\u00e9curit\u00e9 tout au long de la sortie.<\/span><\/h6>\n<p><span style=\"color: #333333;\">Chaque guide a souscrit \u00e0 une assurance en responsabilit\u00e9 civile professionnelle.<\/span><\/p>\n<h6><span style=\"color: #333333;\">Sur simple demande nous vous transmettons les pi\u00e8ces justificatives n\u00e9cessaires \u00e0 l\u2019organisation de votre s\u00e9jour.<\/span><\/h6>\n<p>[\/vc_column_text][\/vc_tta_section][vc_tta_section title=\u00a0\u00bbEncadrement \/ L\u00e9gislation\u00a0\u00bb tab_id=\u00a0\u00bb1458913807016-d6df3ad5-c045&Prime;][vc_column_text]<span style=\"color: #333333;\">Selon la l\u00e9gislation en vigueur dans les Alpes Maritimes, le nombre maximum de participants en canyoning ne peut exc\u00e9der 8 jeunes par guide + un animateur.<\/span><\/p>\n<p><span style=\"color: #333333;\">Cet effectif peut \u00eatre augment\u00e9 en kayak, escalade ou via ferrata.<\/span><\/p>\n<p><span style=\"color: #333333;\">Pour des groupes importants vous aurez la possibilit\u00e9 de prendre plusieurs guides ou effectuer plusieurs rotations.<\/span>[\/vc_column_text][\/vc_tta_section][vc_tta_section title=\u00a0\u00bbS\u00e9curit\u00e9 \/ Conditions\u00a0\u00bb tab_id=\u00a0\u00bb1458913812884-f0156871-3a60&Prime;][vc_column_text]<\/p>\n<div id=\"1457118215838-b5622161-f4d5\" class=\"vc_tta-panel vc_active\" data-vc-content=\".vc_tta-panel-body\">\n<div class=\"vc_tta-panel-body\">\n<div class=\"wpb_text_column wpb_content_element \">\n<div class=\"wpb_wrapper\">\n<p><span style=\"color: #333333;\">Afin d\u2019\u00eatre accessible \u00e0 des groupes h\u00e9t\u00e9rog\u00e8nes les itin\u00e9raires propos\u00e9s sont modulables pour que tout le monde puisse participer.<\/span><\/p>\n<ul>\n<li><span style=\"color: #333333;\">Il existe toujours des \u00e9chappatoires<\/span><\/li>\n<li><span style=\"color: #333333;\">La dur\u00e9e et la distance peuvent \u00eatre adapt\u00e9es<\/span><\/li>\n<li><span style=\"color: #333333;\">Les guides peuvent moduler les difficult\u00e9s<\/span><\/li>\n<li><span style=\"color: #333333;\">Les sauts ne sont jamais obligatoire<\/span><\/li>\n<\/ul>\n<p><span style=\"color: #333333;\">Il faut cependant :<\/span><\/p>\n<ul>\n<li><span style=\"color: #333333;\">\u00eatre en bonne condition physique<\/span><\/li>\n<li><span style=\"color: #333333;\">savoir nager pour les activit\u00e9s aquatique (fournir une attestation d&rsquo;aisance aquatique que nous sommes habilit\u00e9s \u00e0 vous d\u00e9livrer&#8230; nous contacter avant)<br \/>\n<\/span><\/li>\n<\/ul>\n<\/div>\n<\/div>\n<\/div>\n<\/div>\n<div id=\"1457119533292-248e9b47-d89a\" class=\"vc_tta-panel\" data-vc-content=\".vc_tta-panel-body\"><span style=\"color: #333333;\">\u00a0<\/span><\/div>\n<p>[\/vc_column_text][\/vc_tta_section][\/vc_tta_accordion][\/vc_column][\/vc_row]<\/p>\n<\/div>","protected":false},"excerpt":{"rendered":"<p>[vc_row][vc_column][vc_column_text css=\u00a0\u00bb.vc_custom_1458910555229{padding-top: 15px !important;padding-right: 15px !important;padding-bottom: 15px !important;padding-left: 15px !important;background-color: #1d6d90 !important;}\u00a0\u00bb] Escalade &#8211; Kayak &#8211; Canyoning &#8211; via ferrata pour les collectivit\u00e9s [\/vc_column_text][\/vc_column][\/vc_row][vc_row][vc_column width=\u00a0\u00bb2\/3&Prime;][vc_column_text] Collectivit\u00e9<span class=\"excerpt-hellip\"> [\u2026]<\/span><\/p>\n","protected":false},"author":1,"featured_media":0,"parent":0,"menu_order":0,"comment_status":"closed","ping_status":"closed","template":"","meta":{"ngg_post_thumbnail":0,"footnotes":""},"class_list":["post-4099","page","type-page","status-publish","hentry"],"yoast_head":"<!-- This site is optimized with the Yoast SEO plugin v24.9 - https:\/\/yoast.com\/wordpress\/plugins\/seo\/ -->\n<title>Canyoning rafting escalade kayak pour les collectivit\u00e9s.<\/title>\n<meta name=\"description\" content=\"Encadrement canyoning kayak escalade par des professionnels dipl\u00f4m\u00e9s \u00e0 Nice et dans les Alpes Maritimes. Centre de vacances \u2013 Ecoles -\" \/>\n<meta name=\"robots\" content=\"index, follow, max-snippet:-1, max-image-preview:large, max-video-preview:-1\" \/>\n<link rel=\"canonical\" href=\"https:\/\/www.lespirogues.com\/en\/collectivite\/\" \/>\n<meta property=\"og:locale\" content=\"fr_FR\" \/>\n<meta property=\"og:type\" content=\"article\" \/>\n<meta property=\"og:title\" content=\"Canyoning rafting escalade kayak pour les collectivit\u00e9s.\" \/>\n<meta property=\"og:description\" content=\"Encadrement canyoning kayak escalade par des professionnels dipl\u00f4m\u00e9s \u00e0 Nice et dans les Alpes Maritimes. Centre de vacances \u2013 Ecoles -\" \/>\n<meta property=\"og:url\" content=\"https:\/\/www.lespirogues.com\/en\/collectivite\/\" \/>\n<meta property=\"og:site_name\" content=\"Les pirogues EN\" \/>\n<meta property=\"article:publisher\" content=\"https:\/\/www.facebook.com\/Les-Pirogues-196343400391466\/\" \/>\n<meta property=\"article:modified_time\" content=\"2016-04-05T13:04:09+00:00\" \/>\n<meta name=\"twitter:card\" content=\"summary_large_image\" \/>\n<meta name=\"twitter:label1\" content=\"Dur\u00e9e de lecture estim\u00e9e\" \/>\n\t<meta name=\"twitter:data1\" content=\"3 minutes\" \/>\n<script type=\"application\/ld+json\" class=\"yoast-schema-graph\">{\"@context\":\"https:\/\/schema.org\",\"@graph\":[{\"@type\":\"WebPage\",\"@id\":\"https:\/\/www.lespirogues.com\/en\/collectivite\/\",\"url\":\"https:\/\/www.lespirogues.com\/en\/collectivite\/\",\"name\":\"Canyoning rafting escalade kayak pour les collectivit\u00e9s.\",\"isPartOf\":{\"@id\":\"https:\/\/www.lespirogues.com\/en\/#website\"},\"datePublished\":\"2016-03-09T22:20:11+00:00\",\"dateModified\":\"2016-04-05T13:04:09+00:00\",\"description\":\"Encadrement canyoning kayak escalade par des professionnels dipl\u00f4m\u00e9s \u00e0 Nice et dans les Alpes Maritimes. Centre de vacances \u2013 Ecoles -\",\"breadcrumb\":{\"@id\":\"https:\/\/www.lespirogues.com\/en\/collectivite\/#breadcrumb\"},\"inLanguage\":\"fr-FR\",\"potentialAction\":[{\"@type\":\"ReadAction\",\"target\":[\"https:\/\/www.lespirogues.com\/en\/collectivite\/\"]}]},{\"@type\":\"BreadcrumbList\",\"@id\":\"https:\/\/www.lespirogues.com\/en\/collectivite\/#breadcrumb\",\"itemListElement\":[{\"@type\":\"ListItem\",\"position\":1,\"name\":\"Accueil\",\"item\":\"https:\/\/www.lespirogues.com\/en\/\"},{\"@type\":\"ListItem\",\"position\":2,\"name\":\"Collectivit\u00e9\"}]},{\"@type\":\"WebSite\",\"@id\":\"https:\/\/www.lespirogues.com\/en\/#website\",\"url\":\"https:\/\/www.lespirogues.com\/en\/\",\"name\":\"canyoning\",\"description\":\"Sp\u00e9cialiste du canyoning et rafting \u00e0 Nice !\",\"publisher\":{\"@id\":\"https:\/\/www.lespirogues.com\/en\/#organization\"},\"potentialAction\":[{\"@type\":\"SearchAction\",\"target\":{\"@type\":\"EntryPoint\",\"urlTemplate\":\"https:\/\/www.lespirogues.com\/en\/?s={search_term_string}\"},\"query-input\":{\"@type\":\"PropertyValueSpecification\",\"valueRequired\":true,\"valueName\":\"search_term_string\"}}],\"inLanguage\":\"fr-FR\"},{\"@type\":\"Organization\",\"@id\":\"https:\/\/www.lespirogues.com\/en\/#organization\",\"name\":\"les pirogues\",\"url\":\"https:\/\/www.lespirogues.com\/en\/\",\"logo\":{\"@type\":\"ImageObject\",\"inLanguage\":\"fr-FR\",\"@id\":\"https:\/\/www.lespirogues.com\/en\/#\/schema\/logo\/image\/\",\"url\":\"https:\/\/www.lespirogues.com\/en\/wp-content\/uploads\/2016\/04\/logo1.png\",\"contentUrl\":\"https:\/\/www.lespirogues.com\/en\/wp-content\/uploads\/2016\/04\/logo1.png\",\"width\":143,\"height\":60,\"caption\":\"les pirogues\"},\"image\":{\"@id\":\"https:\/\/www.lespirogues.com\/en\/#\/schema\/logo\/image\/\"},\"sameAs\":[\"https:\/\/www.facebook.com\/Les-Pirogues-196343400391466\/\",\"https:\/\/www.youtube.com\/user\/lespirogues\/featured\"]}]}<\/script>\n<!-- \/ Yoast SEO plugin. -->","yoast_head_json":{"title":"Canyoning rafting escalade kayak pour les collectivit\u00e9s.","description":"Encadrement canyoning kayak escalade par des professionnels dipl\u00f4m\u00e9s \u00e0 Nice et dans les Alpes Maritimes. Centre de vacances \u2013 Ecoles -","robots":{"index":"index","follow":"follow","max-snippet":"max-snippet:-1","max-image-preview":"max-image-preview:large","max-video-preview":"max-video-preview:-1"},"canonical":"https:\/\/www.lespirogues.com\/en\/collectivite\/","og_locale":"fr_FR","og_type":"article","og_title":"Canyoning rafting escalade kayak pour les collectivit\u00e9s.","og_description":"Encadrement canyoning kayak escalade par des professionnels dipl\u00f4m\u00e9s \u00e0 Nice et dans les Alpes Maritimes. Centre de vacances \u2013 Ecoles -","og_url":"https:\/\/www.lespirogues.com\/en\/collectivite\/","og_site_name":"Les pirogues EN","article_publisher":"https:\/\/www.facebook.com\/Les-Pirogues-196343400391466\/","article_modified_time":"2016-04-05T13:04:09+00:00","twitter_card":"summary_large_image","twitter_misc":{"Dur\u00e9e de lecture estim\u00e9e":"3 minutes"},"schema":{"@context":"https:\/\/schema.org","@graph":[{"@type":"WebPage","@id":"https:\/\/www.lespirogues.com\/en\/collectivite\/","url":"https:\/\/www.lespirogues.com\/en\/collectivite\/","name":"Canyoning rafting escalade kayak pour les collectivit\u00e9s.","isPartOf":{"@id":"https:\/\/www.lespirogues.com\/en\/#website"},"datePublished":"2016-03-09T22:20:11+00:00","dateModified":"2016-04-05T13:04:09+00:00","description":"Encadrement canyoning kayak escalade par des professionnels dipl\u00f4m\u00e9s \u00e0 Nice et dans les Alpes Maritimes. Centre de vacances \u2013 Ecoles -","breadcrumb":{"@id":"https:\/\/www.lespirogues.com\/en\/collectivite\/#breadcrumb"},"inLanguage":"fr-FR","potentialAction":[{"@type":"ReadAction","target":["https:\/\/www.lespirogues.com\/en\/collectivite\/"]}]},{"@type":"BreadcrumbList","@id":"https:\/\/www.lespirogues.com\/en\/collectivite\/#breadcrumb","itemListElement":[{"@type":"ListItem","position":1,"name":"Accueil","item":"https:\/\/www.lespirogues.com\/en\/"},{"@type":"ListItem","position":2,"name":"Collectivit\u00e9"}]},{"@type":"WebSite","@id":"https:\/\/www.lespirogues.com\/en\/#website","url":"https:\/\/www.lespirogues.com\/en\/","name":"canyoning","description":"Sp\u00e9cialiste du canyoning et rafting \u00e0 Nice !","publisher":{"@id":"https:\/\/www.lespirogues.com\/en\/#organization"},"potentialAction":[{"@type":"SearchAction","target":{"@type":"EntryPoint","urlTemplate":"https:\/\/www.lespirogues.com\/en\/?s={search_term_string}"},"query-input":{"@type":"PropertyValueSpecification","valueRequired":true,"valueName":"search_term_string"}}],"inLanguage":"fr-FR"},{"@type":"Organization","@id":"https:\/\/www.lespirogues.com\/en\/#organization","name":"les pirogues","url":"https:\/\/www.lespirogues.com\/en\/","logo":{"@type":"ImageObject","inLanguage":"fr-FR","@id":"https:\/\/www.lespirogues.com\/en\/#\/schema\/logo\/image\/","url":"https:\/\/www.lespirogues.com\/en\/wp-content\/uploads\/2016\/04\/logo1.png","contentUrl":"https:\/\/www.lespirogues.com\/en\/wp-content\/uploads\/2016\/04\/logo1.png","width":143,"height":60,"caption":"les pirogues"},"image":{"@id":"https:\/\/www.lespirogues.com\/en\/#\/schema\/logo\/image\/"},"sameAs":["https:\/\/www.facebook.com\/Les-Pirogues-196343400391466\/","https:\/\/www.youtube.com\/user\/lespirogues\/featured"]}]}},"_links":{"self":[{"href":"https:\/\/www.lespirogues.com\/en\/wp-json\/wp\/v2\/pages\/4099","targetHints":{"allow":["GET"]}}],"collection":[{"href":"https:\/\/www.lespirogues.com\/en\/wp-json\/wp\/v2\/pages"}],"about":[{"href":"https:\/\/www.lespirogues.com\/en\/wp-json\/wp\/v2\/types\/page"}],"author":[{"embeddable":true,"href":"https:\/\/www.lespirogues.com\/en\/wp-json\/wp\/v2\/users\/1"}],"replies":[{"embeddable":true,"href":"https:\/\/www.lespirogues.com\/en\/wp-json\/wp\/v2\/comments?post=4099"}],"version-history":[{"count":0,"href":"https:\/\/www.lespirogues.com\/en\/wp-json\/wp\/v2\/pages\/4099\/revisions"}],"wp:attachment":[{"href":"https:\/\/www.lespirogues.com\/en\/wp-json\/wp\/v2\/media?parent=4099"}],"curies":[{"name":"wp","href":"https:\/\/api.w.org\/{rel}","templated":true}]}}