{"id":4089,"date":"2016-03-09T21:36:02","date_gmt":"2016-03-09T20:36:02","guid":{"rendered":"http:\/\/lespirogues.com\/en\/?page_id=4089"},"modified":"2017-03-06T22:56:08","modified_gmt":"2017-03-06T21:56:08","slug":"enterrement-de-vie-de-garcon-fille","status":"publish","type":"page","link":"https:\/\/www.lespirogues.com\/en\/enterrement-de-vie-de-garcon-fille\/","title":{"rendered":"Enterrement de vie de gar\u00e7on \/ fille"},"content":{"rendered":"<div class=\"wpb-content-wrapper\"><p>[vc_row][vc_column width=\u00a0\u00bb2\/3&Prime;][vc_masonry_media_grid element_width=\u00a0\u00bb3&Prime; gap=\u00a0\u00bb0&Prime; grid_id=\u00a0\u00bbvc_gid:1488834074401-6e6b9f168dfb795df8c16d0d030a18cd-7&Prime; include=\u00a0\u00bb4249,4250,4252,4827&Prime;][vc_column_text css=\u00a0\u00bb.vc_custom_1488835967551{border-top-width: 6px !important;border-right-width: 6px !important;border-bottom-width: 6px !important;border-left-width: 6px !important;padding-top: 20px !important;padding-right: 20px !important;padding-bottom: 20px !important;padding-left: 20px !important;border-left-color: #8e8e8e !important;border-right-color: #8e8e8e !important;border-top-color: #8e8e8e !important;border-bottom-color: #8e8e8e !important;border-radius: 20px !important;}\u00a0\u00bb]<\/p>\n<div id=\"yiv9541717688yui_3_16_0_1_1453293013869_33585\">\n<h6><span style=\"color: #333333;\">Vous voulez marquer un \u00e9v\u00e9nement, faire vivre un week-end inoubliable au futur mari\u00e9 (e) ou tout simplement vous retrouvez entre amis et privatiser une sortie, nous avons plusieurs formules \u00e0 vous proposer. <\/span><\/h6>\n<h6><span style=\"color: #333333;\"><strong><span style=\"color: #1d6d90;\">Contactez nous et ensemble nous pourrons construire un projet qui vous ressemble<br \/>\n<\/span><\/strong><\/span><\/h6>\n<h6><span style=\"color: #333333;\">Selon votre demande et vos envies, nous adaptons les activit\u00e9s, en demi-journ\u00e9e ou sur plusieurs activit\u00e9s.<\/span><\/h6>\n<h6><span style=\"color: #333333;\">Les guides prennent toujours un malin plaisir \u00e0 vous satisfaire au mieux !<\/span><\/h6>\n<h6><strong><span style=\"color: #1d6d90;\">Exemple de sorties adapt\u00e9es : <\/span><\/strong><\/h6>\n<ul>\n<li><span style=\"color: #333333;\">Au printemps (mai, juin) <a href=\"http:\/\/lespirogues.com\/en\/rafting\/rafting-sportif\/\"><strong><span style=\"color: #3366ff;\">rafting<\/span><\/strong><\/a> dans la V\u00e9subie,<span style=\"color: #3366ff;\"> <a style=\"color: #3366ff;\" href=\"http:\/\/lespirogues.com\/en\/kayak\/\"><strong>kayak<\/strong><\/a><\/span> sur le Var&#8230; <\/span><\/li>\n<li><span style=\"color: #333333;\">Initiation escalade et sauts pendulaires au dessus de Monaco, via ferrata&#8230;.<\/span><\/li>\n<li><span style=\"color: #333333;\">Printemps et \u00e9t\u00e9, canyoning en demi journ\u00e9e <a href=\"http:\/\/lespirogues.com\/en\/canyoning\/canyon-gorges-loup\/\"><strong><span style=\"color: #3366ff;\">Gorges du loup<\/span> <\/strong><\/a>, canyoning en journ\u00e9e compl\u00e8te canyon de <span style=\"color: #3366ff;\"><a style=\"color: #3366ff;\" href=\"http:\/\/lespirogues.com\/en\/canyoning\/canyon-barbaira\/\"><strong>Barbaira<\/strong><\/a><\/span>, canyon de la <a href=\"http:\/\/lespirogues.com\/en\/canyoning\/canyon-maglia-2\/\"><strong><span style=\"color: #3366ff;\">Maglia<\/span><\/strong><\/a>&#8230;.<\/span><\/li>\n<li><span style=\"color: #333333;\">Randonn\u00e9e aquatique dans les <span style=\"color: #3366ff;\"><strong><a style=\"color: #3366ff;\" href=\"http:\/\/lespirogues.com\/en\/canyoning\/rando-aqua\/\">Gorges du loup<\/a><\/strong><\/span><\/span><\/li>\n<\/ul>\n<h6><span style=\"color: #333333;\"><span style=\"color: #ff9900;\"><strong>Important : <\/strong><\/span>Un weekend entre anciens amis est souvent intense, ne soyez pas trop gourmand et gardez de l&rsquo;\u00e9nergie pour vos soir\u00e9es. C&rsquo;est dans cet ordre qu&rsquo;il faut le faire ! Car fiesta et activit\u00e9 ensuite, \u00e7a fonctionne moyennement &#8230;<\/span><\/h6>\n<div id=\"yiv3891906341yui_3_16_0_1_1454150034293_7287\">&nbsp;<\/div>\n<\/div>\n<p>[\/vc_column_text][\/vc_column][vc_column width=\u00a0\u00bb1\/3&Prime;][vc_column_text]<\/p>\n<h3 style=\"text-align: center;\"><b id=\"yiv3891906341yui_3_16_0_1_1454150034293_5065\">Enterrement de vie de c\u00e9libataire &#8211; <\/b><\/h3>\n<h3 style=\"text-align: center;\"><b id=\"yiv3891906341yui_3_16_0_1_1454150034293_5065\">Anniversaire<\/b><\/h3>\n<p>[\/vc_column_text][vc_tta_accordion style=\u00a0\u00bbmodern\u00a0\u00bb active_section=\u00a0\u00bb\u00a0\u00bb css=\u00a0\u00bb.vc_custom_1457646712270{border-radius: 10px !important;}\u00a0\u00bb collapsible_all=\u00a0\u00bbtrue\u00a0\u00bb][vc_tta_section title=\u00a0\u00bbTarif\u00a0\u00bb tab_id=\u00a0\u00bb1457610725393-c6a22c0a-01ec\u00a0\u00bb][vc_column_text]<span style=\"color: #333333;\">A partir de 40\u20ac en demi-journ\u00e9e et 65 \u20ac en journ\u00e9e compl\u00e8te.<\/span><\/p>\n<p><span style=\"color: #333333;\">Pour un groupe constitu\u00e9 de 8 participants minimum, <span style=\"color: #ff9900;\"><strong>nous offrons la sortie au futur mari\u00e9(e).<\/strong><\/span><\/span>[\/vc_column_text][\/vc_tta_section][vc_tta_section title=\u00a0\u00bbDur\u00e9e\u00a0\u00bb tab_id=\u00a0\u00bb1457118215834-a1df366e-302f\u00a0\u00bb][vc_column_text]<span style=\"color: #3366ff;\"><span style=\"color: #008080;\"><strong>En demi-journ\u00e9e<\/strong><\/span> <span style=\"color: #333333;\">\u00e0 partir de 9h00 ou 13h00.<\/span><\/span><\/p>\n<ul>\n<li><span style=\"color: #333333;\">2h00 d&rsquo;activit\u00e9 avec le briefing et l&rsquo;\u00e9quipement compter +\/-3h00<\/span><\/li>\n<\/ul>\n<p><span style=\"color: #3366ff;\"><span style=\"color: #008080;\"><strong>En journ\u00e9e compl\u00e8te<\/strong><\/span> <span style=\"color: #333333;\">avec un arr\u00eat pique nique en milieu d&rsquo;activit\u00e9.<\/span><\/span><\/p>\n<ul>\n<li><span style=\"color: #333333;\">de 3 \u00e0 5H d&rsquo;activit\u00e9 selon les parcours<\/span><\/li>\n<\/ul>\n<p>[\/vc_column_text][\/vc_tta_section][vc_tta_section title=\u00a0\u00bbDifficult\u00e9\u00a0\u00bb tab_id=\u00a0\u00bb1457118215838-b5622161-f4d5&Prime;][vc_column_text]<span style=\"color: #333333;\">Afin d&rsquo;\u00eatre accessible \u00e0 des groupes h\u00e9t\u00e9rog\u00e8nes les itin\u00e9raires s\u00e9lectionn\u00e9s sont modulables pour que tout le monde puisse participer.<\/span><\/p>\n<ul>\n<li><span style=\"color: #333333;\">Il existe toujours des \u00e9chappatoires<\/span><\/li>\n<li><span style=\"color: #333333;\">La dur\u00e9e et la distance peuvent \u00eatre adapt\u00e9es<\/span><\/li>\n<li><span style=\"color: #333333;\">Les guides peuvent moduler les difficult\u00e9s<\/span><\/li>\n<li><span style=\"color: #333333;\">Les sauts ne sont jamais obligatoire<\/span><\/li>\n<\/ul>\n<p><span style=\"color: #333333;\">Il faut cependant :<\/span><\/p>\n<ul>\n<li><span style=\"color: #333333;\">\u00eatre en bonne condition physique <\/span><\/li>\n<li><span style=\"color: #333333;\">savoir nager pour les activit\u00e9s aquatique<\/span><\/li>\n<\/ul>\n<p>[\/vc_column_text][\/vc_tta_section][vc_tta_section title=\u00a0\u00bbMat\u00e9riel fourni\u00a0\u00bb tab_id=\u00a0\u00bb1457119533292-248e9b47-d89a\u00a0\u00bb][vc_column_text]<\/p>\n<h5 style=\"text-align: center;\"><span style=\"color: #008080;\">Mat\u00e9riel r\u00e9cent et au norme CE<\/span><\/h5>\n<ul>\n<li><span style=\"color: #333333;\">R\u00e9guli\u00e8rement renouvel\u00e9 le mat\u00e9riel individuel est toujours en tr\u00e8s bon \u00e9tat<br \/>\n<\/span><\/li>\n<li><span style=\"color: #333333;\">Les combinaisons n\u00e9opr\u00e8nes sont rinc\u00e9es et d\u00e9sinfect\u00e9es au<\/span> <span style=\"color: #339966;\">Bacterless<\/span> <span style=\"color: #333333;\">apr\u00e8s chaque sortie.<\/span><\/li>\n<li><span style=\"color: #333333;\">Mat\u00e9riel collectif : t\u00e9l\u00e9phone et trousse de secours, sac et bidon \u00e9tanche &#8230;<\/span><\/li>\n<\/ul>\n<p>[\/vc_column_text][\/vc_tta_section][vc_tta_section title=\u00a0\u00bbA pr\u00e9voir\u00a0\u00bb tab_id=\u00a0\u00bb1457119537634-5e4af5ca-97dd\u00a0\u00bb][vc_column_text]<\/p>\n<ul>\n<li><span style=\"color: #000000;\">Une paire de chaussure de sport ferm\u00e9e (pas de chaussure de plage )<br \/>\n<\/span><\/li>\n<li><span style=\"color: #000000;\">Un maillot de bain<\/span><\/li>\n<li><span style=\"color: #000000;\"><span id=\"yiv7092541622yui_3_2_0_18_1347548003470107\" class=\"yiv7092541622\"><span id=\"yiv7092541622yui_3_2_0_30_1343666507650155\" class=\"yiv7092541622\"><span id=\"yiv7092541622yui_3_2_0_21_1345390872483185\" class=\"yiv7092541622\"><span id=\"yiv7092541622yui_3_2_0_21_1345390872483184\" class=\"yiv7092541622\">Lunettes de soleil, cr\u00e8me solaire, bouteille d&rsquo;eau<\/span><\/span><\/span><\/span><span id=\"yiv7092541622yui_3_2_0_18_1347548003470107\" class=\"yiv7092541622\"><span id=\"yiv7092541622yui_3_2_0_19_1338306843038125\" class=\"yiv7092541622\"><span id=\"yiv7092541622yui_3_2_0_19_1338306843038124\" class=\"yiv7092541622\"><span id=\"yiv7092541622yui_3_2_0_19_1338306843038123\" class=\"yiv7092541622\"><span id=\"yiv7092541622yui_3_2_0_19_1338306843038122\" class=\"yiv7092541622\"><span id=\"yiv7092541622yui_3_2_0_19_1338306843038121\" class=\"yiv7092541622\"><span id=\"yiv7092541622yui_3_2_0_19_1338306843038120\" class=\"yiv7092541622\"><br class=\"yiv7092541622\" clear=\"none\" \/><\/span><\/span><\/span><\/span><\/span><\/span><\/span><\/span><\/li>\n<\/ul>\n<p>[\/vc_column_text][\/vc_tta_section][\/vc_tta_accordion][\/vc_column][\/vc_row][vc_row][vc_column][vc_column_text css=\u00a0\u00bb.vc_custom_1457613281540{padding: 10px !important;background-color: #1d6d90 !important;}\u00a0\u00bb]<\/p>\n<h3 style=\"text-align: center;\"><span style=\"color: #000000;\"><span style=\"color: #ffffff;\"><i class=\"icon-check\" style=\"\" aria-hidden=\"true\"><\/i> Organisation de la sortie<\/span><br \/>\n<\/span><\/h3>\n<p>[\/vc_column_text][\/vc_column][\/vc_row][vc_row][vc_column width=\u00a0\u00bb1\/4&Prime;][vc_icon icon_fontawesome=\u00a0\u00bbfa fa-phone-square\u00a0\u00bb color=\u00a0\u00bbblack\u00a0\u00bb background_style=\u00a0\u00bbrounded-outline\u00a0\u00bb background_color=\u00a0\u00bbcustom\u00a0\u00bb size=\u00a0\u00bblg\u00a0\u00bb align=\u00a0\u00bbcenter\u00a0\u00bb custom_background_color=\u00a0\u00bb#1d6d90&Prime;][vc_column_text]<\/p>\n<h3 style=\"text-align: center;\"><span style=\"color: #333333;\">Comment r\u00e9server ?<\/span><\/h3>\n<p>[\/vc_column_text][vc_tta_accordion style=\u00a0\u00bbmodern\u00a0\u00bb color=\u00a0\u00bbpeacoc\u00a0\u00bb active_section=\u00a0\u00bb\u00a0\u00bb collapsible_all=\u00a0\u00bbtrue\u00a0\u00bb][vc_tta_section title=\u00a0\u00bbPar t\u00e9l\u00e9phone\u00a0\u00bb tab_id=\u00a0\u00bb1457202158745-fd49c3a6-b6d1&Prime;][vc_column_text]<\/p>\n<h5 style=\"text-align: center;\"><span style=\"color: #333333;\">Pour plus d&rsquo;infos appelez nous .<br \/>\n<\/span><\/h5>\n<h3 style=\"text-align: center;\"><span style=\"color: #1d6d90;\">Tel : 06 63 25 49 97<\/span><\/h3>\n<p style=\"text-align: center;\"><span style=\"color: #333333;\">Nous sommes en activit\u00e9&#8230; laissez un message avec :<\/span><\/p>\n<ul>\n<li><span style=\"color: #333333;\">Votre n\u00b0 de tel <\/span><\/li>\n<li><span style=\"color: #333333;\">Nom et nombre de personnes<\/span><\/li>\n<li><span style=\"color: #333333;\">Vos dates<\/span><\/li>\n<\/ul>\n<p style=\"text-align: center;\"><strong><span style=\"color: #333333;\">On vous rappellera aussit\u00f4t !<br \/>\n<\/span><\/strong><\/p>\n<p>[\/vc_column_text][\/vc_tta_section][vc_tta_section title=\u00a0\u00bbPar mail\u00a0\u00bb tab_id=\u00a0\u00bb1457202158747-3cd44d60-c677&Prime;][vc_column_text]<\/p>\n<h5 style=\"text-align: center;\"><span style=\"color: #333333;\">Laissez nous votre message sans oublier :<\/span><\/h5>\n<ul>\n<li><span style=\"color: #333333;\">votre mail et votre nom<\/span><\/li>\n<li><span style=\"color: #333333;\">nombre de personnes et dates<\/span><\/li>\n<li><span style=\"color: #333333;\">pour confirmer nous avons besoin du poids et de la taille des participants (pour les tailles de combinaisons)<\/span><\/li>\n<\/ul>\n<p>[\/vc_column_text][\/vc_tta_section][\/vc_tta_accordion][\/vc_column][vc_column width=\u00a0\u00bb1\/4&Prime;][vc_icon icon_fontawesome=\u00a0\u00bbfa fa-eur\u00a0\u00bb color=\u00a0\u00bbblack\u00a0\u00bb background_style=\u00a0\u00bbrounded-outline\u00a0\u00bb background_color=\u00a0\u00bbcustom\u00a0\u00bb size=\u00a0\u00bblg\u00a0\u00bb align=\u00a0\u00bbcenter\u00a0\u00bb custom_background_color=\u00a0\u00bb#1d6d90&Prime;][vc_column_text]<\/p>\n<h2 style=\"text-align: center;\"><span style=\"color: #333333;\">Paiement<\/span><\/h2>\n<p>[\/vc_column_text][vc_tta_accordion style=\u00a0\u00bbmodern\u00a0\u00bb color=\u00a0\u00bbpeacoc\u00a0\u00bb active_section=\u00a0\u00bb\u00a0\u00bb collapsible_all=\u00a0\u00bbtrue\u00a0\u00bb][vc_tta_section title=\u00a0\u00bbTarif\u00a0\u00bb tab_id=\u00a0\u00bb1457202158762-ae9afb34-bff9&Prime;]<div class=\"pricing-box  pricing-box-box\"><div class=\"plan-header\"><h2 class=\"title \">Tarif<\/h2><div class=\"price\"><sup class=\"currency\"><\/sup><span>45\u20ac<\/span><sup class=\"period\">\/personne<\/sup><\/div><hr class=\"hr_color\" \/><p class=\"subtitle\"><big>tarif groupe<\/big><\/p><\/div><div class=\"plan-inside\"><span class=\"pi-content\">40\u20ac \u00e0 partir de 8 personnes<\/span><\/div><div class=\"plan-footer\"><a href=\"http:\/\/contact\" class=\"button button_theme \"  title=\"R\u00e9server\"><span class=\"button_label\">R\u00e9server<\/span><\/a><\/div><\/div>\n[\/vc_tta_section][vc_tta_section title=\u00a0\u00bbPaiement\u00a0\u00bb tab_id=\u00a0\u00bb1457202158765-26b61cb1-69ae\u00a0\u00bb][vc_column_text]<\/p>\n<h6><span style=\"color: #333333;\">R\u00e8glement directement au guide le jour de l&rsquo;activit\u00e9 :<\/span><\/h6>\n<ul>\n<li><span style=\"color: #333333;\">En esp\u00e8ce ou ch\u00e8que<\/span><\/li>\n<li><span style=\"color: #333333;\">Ch\u00e8ques vacances <strong>ANCV <\/strong>accept\u00e9s<\/span><\/li>\n<li><span style=\"color: #333333;\">Pas de carte bancaire\u00a0 <strong>NO CB<\/strong><\/span><\/li>\n<\/ul>\n<p>[\/vc_column_text][\/vc_tta_section][\/vc_tta_accordion][\/vc_column][vc_column width=\u00a0\u00bb1\/4&Prime;][vc_icon icon_fontawesome=\u00a0\u00bbfa fa-bus\u00a0\u00bb color=\u00a0\u00bbblack\u00a0\u00bb background_style=\u00a0\u00bbrounded-outline\u00a0\u00bb background_color=\u00a0\u00bbcustom\u00a0\u00bb size=\u00a0\u00bblg\u00a0\u00bb align=\u00a0\u00bbcenter\u00a0\u00bb custom_background_color=\u00a0\u00bb#1d6d90&Prime;][vc_column_text]<\/p>\n<h3 style=\"text-align: center;\"><span style=\"color: #333333;\">Transport<\/span><\/h3>\n<p>[\/vc_column_text][vc_tta_accordion style=\u00a0\u00bbmodern\u00a0\u00bb color=\u00a0\u00bbpeacoc\u00a0\u00bb active_section=\u00a0\u00bb\u00a0\u00bb collapsible_all=\u00a0\u00bbtrue\u00a0\u00bb][vc_tta_section title=\u00a0\u00bbItin\u00e9raire\u00a0\u00bb tab_id=\u00a0\u00bb1457202158772-88328b51-6024&Prime;][\/vc_tta_section][vc_tta_section title=\u00a0\u00bbMinibus \u00a0\u00bb tab_id=\u00a0\u00bb1457202158773-be546678-4b5d\u00a0\u00bb][vc_column_text]<\/p>\n<h6 style=\"text-align: center;\"><span style=\"color: #333333;\">Transport en minibus climatis\u00e9 :<br \/>\n<\/span><\/h6>\n<ul>\n<li><span style=\"color: #333333;\">Pour des groupes constitu\u00e9s de 8 personnes maximum<\/span><\/li>\n<li><span style=\"color: #333333;\">Ex: Canyon de Barbaira, Gorges du loup, Via ferrata<br \/>\n<\/span><\/li>\n<li><span style=\"color: #333333;\">Devis sur demande<\/span><\/li>\n<\/ul>\n<p>[\/vc_column_text][\/vc_tta_section][\/vc_tta_accordion][\/vc_column][vc_column width=\u00a0\u00bb1\/4&Prime;][vc_icon icon_fontawesome=\u00a0\u00bbfa fa-camera\u00a0\u00bb color=\u00a0\u00bbblack\u00a0\u00bb background_style=\u00a0\u00bbrounded-outline\u00a0\u00bb background_color=\u00a0\u00bbcustom\u00a0\u00bb size=\u00a0\u00bblg\u00a0\u00bb align=\u00a0\u00bbcenter\u00a0\u00bb custom_background_color=\u00a0\u00bb#1d6d90&Prime;][vc_column_text]<\/p>\n<h3 style=\"text-align: center;\"><span style=\"color: #333333;\">Photo\/vid\u00e9o<\/span><\/h3>\n<p>[\/vc_column_text][vc_tta_accordion style=\u00a0\u00bbmodern\u00a0\u00bb color=\u00a0\u00bbpeacoc\u00a0\u00bb active_section=\u00a0\u00bb\u00a0\u00bb collapsible_all=\u00a0\u00bbtrue\u00a0\u00bb][vc_tta_section title=\u00a0\u00bbPhoto\u00a0\u00bb tab_id=\u00a0\u00bb1457202158779-161926a9-ddb5&Prime;][vc_column_text]<\/p>\n<h5 style=\"text-align: center;\"><span style=\"color: #333333;\">Reportage photo <span style=\"color: #ff6600;\">25\u20ac<\/span><br \/>\n<\/span><\/h5>\n<ul>\n<li><span style=\"color: #333333;\">Nous fournissons un appareil photo \u00e9tanche<\/span><\/li>\n<li><span style=\"color: #333333;\">Vous repartez directement avec une carte m\u00e9moire<\/span><\/li>\n<\/ul>\n<p>[\/vc_column_text][\/vc_tta_section][vc_tta_section title=\u00a0\u00bbVid\u00e9o\u00a0\u00bb tab_id=\u00a0\u00bb1457202158782-3b31f2ca-062a\u00a0\u00bb][vc_column_text]<span style=\"color: #333333;\">Reportage vid\u00e9o sur demande, nous contacter.<\/span><\/p>\n<p>&nbsp;<\/p>\n<p>[\/vc_column_text][\/vc_tta_section][\/vc_tta_accordion][\/vc_column][\/vc_row][vc_row][vc_column][\/vc_column][\/vc_row]<\/p>\n<\/div>","protected":false},"excerpt":{"rendered":"<p>[vc_row][vc_column width=\u00a0\u00bb2\/3&Prime;][vc_masonry_media_grid element_width=\u00a0\u00bb3&Prime; gap=\u00a0\u00bb0&Prime; grid_id=\u00a0\u00bbvc_gid:1488834074401-6e6b9f168dfb795df8c16d0d030a18cd-7&Prime; include=\u00a0\u00bb4249,4250,4252,4827&Prime;][vc_column_text css=\u00a0\u00bb.vc_custom_1488835967551{border-top-width: 6px !important;border-right-width: 6px !important;border-bottom-width: 6px !important;border-left-width: 6px !important;padding-top: 20px !important;padding-right: 20px !important;padding-bottom: 20px !important;padding-left: 20px !important;border-left-color: #8e8e8e !important;border-right-color: #8e8e8e<span class=\"excerpt-hellip\"> [\u2026]<\/span><\/p>\n","protected":false},"author":1,"featured_media":0,"parent":0,"menu_order":0,"comment_status":"closed","ping_status":"closed","template":"","meta":{"ngg_post_thumbnail":0,"footnotes":""},"class_list":["post-4089","page","type-page","status-publish","hentry"],"yoast_head":"<!-- This site is optimized with the Yoast SEO plugin v24.9 - https:\/\/yoast.com\/wordpress\/plugins\/seo\/ -->\n<title>Enterrement vie de gar\u00e7on \u2013 de jeune fille Nice Alpes Maritimes.<\/title>\n<meta name=\"description\" content=\"Sortie enterrement de vie de c\u00e9libataire en canyoning ou rafting dans les Alpes Maritimes \u00e0 c\u00f4t\u00e9 de Nice Cannes Antibes Grasse.\" \/>\n<meta name=\"robots\" content=\"index, follow, max-snippet:-1, max-image-preview:large, max-video-preview:-1\" \/>\n<link rel=\"canonical\" href=\"https:\/\/www.lespirogues.com\/en\/enterrement-de-vie-de-garcon-fille\/\" \/>\n<meta property=\"og:locale\" content=\"fr_FR\" \/>\n<meta property=\"og:type\" content=\"article\" \/>\n<meta property=\"og:title\" content=\"Enterrement vie de gar\u00e7on \u2013 de jeune fille Nice Alpes Maritimes.\" \/>\n<meta property=\"og:description\" content=\"Sortie enterrement de vie de c\u00e9libataire en canyoning ou rafting dans les Alpes Maritimes \u00e0 c\u00f4t\u00e9 de Nice Cannes Antibes Grasse.\" \/>\n<meta property=\"og:url\" content=\"https:\/\/www.lespirogues.com\/en\/enterrement-de-vie-de-garcon-fille\/\" \/>\n<meta property=\"og:site_name\" content=\"Les pirogues EN\" \/>\n<meta property=\"article:publisher\" content=\"https:\/\/www.facebook.com\/Les-Pirogues-196343400391466\/\" \/>\n<meta property=\"article:modified_time\" content=\"2017-03-06T21:56:08+00:00\" \/>\n<meta name=\"twitter:card\" content=\"summary_large_image\" \/>\n<meta name=\"twitter:label1\" content=\"Dur\u00e9e de lecture estim\u00e9e\" \/>\n\t<meta name=\"twitter:data1\" content=\"6 minutes\" \/>\n<script type=\"application\/ld+json\" class=\"yoast-schema-graph\">{\"@context\":\"https:\/\/schema.org\",\"@graph\":[{\"@type\":\"WebPage\",\"@id\":\"https:\/\/www.lespirogues.com\/en\/enterrement-de-vie-de-garcon-fille\/\",\"url\":\"https:\/\/www.lespirogues.com\/en\/enterrement-de-vie-de-garcon-fille\/\",\"name\":\"Enterrement vie de gar\u00e7on \u2013 de jeune fille Nice Alpes Maritimes.\",\"isPartOf\":{\"@id\":\"https:\/\/www.lespirogues.com\/en\/#website\"},\"datePublished\":\"2016-03-09T20:36:02+00:00\",\"dateModified\":\"2017-03-06T21:56:08+00:00\",\"description\":\"Sortie enterrement de vie de c\u00e9libataire en canyoning ou rafting dans les Alpes Maritimes \u00e0 c\u00f4t\u00e9 de Nice Cannes Antibes Grasse.\",\"breadcrumb\":{\"@id\":\"https:\/\/www.lespirogues.com\/en\/enterrement-de-vie-de-garcon-fille\/#breadcrumb\"},\"inLanguage\":\"fr-FR\",\"potentialAction\":[{\"@type\":\"ReadAction\",\"target\":[\"https:\/\/www.lespirogues.com\/en\/enterrement-de-vie-de-garcon-fille\/\"]}]},{\"@type\":\"BreadcrumbList\",\"@id\":\"https:\/\/www.lespirogues.com\/en\/enterrement-de-vie-de-garcon-fille\/#breadcrumb\",\"itemListElement\":[{\"@type\":\"ListItem\",\"position\":1,\"name\":\"Accueil\",\"item\":\"https:\/\/www.lespirogues.com\/en\/\"},{\"@type\":\"ListItem\",\"position\":2,\"name\":\"Enterrement de vie de gar\u00e7on \/ fille\"}]},{\"@type\":\"WebSite\",\"@id\":\"https:\/\/www.lespirogues.com\/en\/#website\",\"url\":\"https:\/\/www.lespirogues.com\/en\/\",\"name\":\"canyoning\",\"description\":\"Sp\u00e9cialiste du canyoning et rafting \u00e0 Nice !\",\"publisher\":{\"@id\":\"https:\/\/www.lespirogues.com\/en\/#organization\"},\"potentialAction\":[{\"@type\":\"SearchAction\",\"target\":{\"@type\":\"EntryPoint\",\"urlTemplate\":\"https:\/\/www.lespirogues.com\/en\/?s={search_term_string}\"},\"query-input\":{\"@type\":\"PropertyValueSpecification\",\"valueRequired\":true,\"valueName\":\"search_term_string\"}}],\"inLanguage\":\"fr-FR\"},{\"@type\":\"Organization\",\"@id\":\"https:\/\/www.lespirogues.com\/en\/#organization\",\"name\":\"les pirogues\",\"url\":\"https:\/\/www.lespirogues.com\/en\/\",\"logo\":{\"@type\":\"ImageObject\",\"inLanguage\":\"fr-FR\",\"@id\":\"https:\/\/www.lespirogues.com\/en\/#\/schema\/logo\/image\/\",\"url\":\"https:\/\/www.lespirogues.com\/en\/wp-content\/uploads\/2016\/04\/logo1.png\",\"contentUrl\":\"https:\/\/www.lespirogues.com\/en\/wp-content\/uploads\/2016\/04\/logo1.png\",\"width\":143,\"height\":60,\"caption\":\"les pirogues\"},\"image\":{\"@id\":\"https:\/\/www.lespirogues.com\/en\/#\/schema\/logo\/image\/\"},\"sameAs\":[\"https:\/\/www.facebook.com\/Les-Pirogues-196343400391466\/\",\"https:\/\/www.youtube.com\/user\/lespirogues\/featured\"]}]}<\/script>\n<!-- \/ Yoast SEO plugin. -->","yoast_head_json":{"title":"Enterrement vie de gar\u00e7on \u2013 de jeune fille Nice Alpes Maritimes.","description":"Sortie enterrement de vie de c\u00e9libataire en canyoning ou rafting dans les Alpes Maritimes \u00e0 c\u00f4t\u00e9 de Nice Cannes Antibes Grasse.","robots":{"index":"index","follow":"follow","max-snippet":"max-snippet:-1","max-image-preview":"max-image-preview:large","max-video-preview":"max-video-preview:-1"},"canonical":"https:\/\/www.lespirogues.com\/en\/enterrement-de-vie-de-garcon-fille\/","og_locale":"fr_FR","og_type":"article","og_title":"Enterrement vie de gar\u00e7on \u2013 de jeune fille Nice Alpes Maritimes.","og_description":"Sortie enterrement de vie de c\u00e9libataire en canyoning ou rafting dans les Alpes Maritimes \u00e0 c\u00f4t\u00e9 de Nice Cannes Antibes Grasse.","og_url":"https:\/\/www.lespirogues.com\/en\/enterrement-de-vie-de-garcon-fille\/","og_site_name":"Les pirogues EN","article_publisher":"https:\/\/www.facebook.com\/Les-Pirogues-196343400391466\/","article_modified_time":"2017-03-06T21:56:08+00:00","twitter_card":"summary_large_image","twitter_misc":{"Dur\u00e9e de lecture estim\u00e9e":"6 minutes"},"schema":{"@context":"https:\/\/schema.org","@graph":[{"@type":"WebPage","@id":"https:\/\/www.lespirogues.com\/en\/enterrement-de-vie-de-garcon-fille\/","url":"https:\/\/www.lespirogues.com\/en\/enterrement-de-vie-de-garcon-fille\/","name":"Enterrement vie de gar\u00e7on \u2013 de jeune fille Nice Alpes Maritimes.","isPartOf":{"@id":"https:\/\/www.lespirogues.com\/en\/#website"},"datePublished":"2016-03-09T20:36:02+00:00","dateModified":"2017-03-06T21:56:08+00:00","description":"Sortie enterrement de vie de c\u00e9libataire en canyoning ou rafting dans les Alpes Maritimes \u00e0 c\u00f4t\u00e9 de Nice Cannes Antibes Grasse.","breadcrumb":{"@id":"https:\/\/www.lespirogues.com\/en\/enterrement-de-vie-de-garcon-fille\/#breadcrumb"},"inLanguage":"fr-FR","potentialAction":[{"@type":"ReadAction","target":["https:\/\/www.lespirogues.com\/en\/enterrement-de-vie-de-garcon-fille\/"]}]},{"@type":"BreadcrumbList","@id":"https:\/\/www.lespirogues.com\/en\/enterrement-de-vie-de-garcon-fille\/#breadcrumb","itemListElement":[{"@type":"ListItem","position":1,"name":"Accueil","item":"https:\/\/www.lespirogues.com\/en\/"},{"@type":"ListItem","position":2,"name":"Enterrement de vie de gar\u00e7on \/ fille"}]},{"@type":"WebSite","@id":"https:\/\/www.lespirogues.com\/en\/#website","url":"https:\/\/www.lespirogues.com\/en\/","name":"canyoning","description":"Sp\u00e9cialiste du canyoning et rafting \u00e0 Nice !","publisher":{"@id":"https:\/\/www.lespirogues.com\/en\/#organization"},"potentialAction":[{"@type":"SearchAction","target":{"@type":"EntryPoint","urlTemplate":"https:\/\/www.lespirogues.com\/en\/?s={search_term_string}"},"query-input":{"@type":"PropertyValueSpecification","valueRequired":true,"valueName":"search_term_string"}}],"inLanguage":"fr-FR"},{"@type":"Organization","@id":"https:\/\/www.lespirogues.com\/en\/#organization","name":"les pirogues","url":"https:\/\/www.lespirogues.com\/en\/","logo":{"@type":"ImageObject","inLanguage":"fr-FR","@id":"https:\/\/www.lespirogues.com\/en\/#\/schema\/logo\/image\/","url":"https:\/\/www.lespirogues.com\/en\/wp-content\/uploads\/2016\/04\/logo1.png","contentUrl":"https:\/\/www.lespirogues.com\/en\/wp-content\/uploads\/2016\/04\/logo1.png","width":143,"height":60,"caption":"les pirogues"},"image":{"@id":"https:\/\/www.lespirogues.com\/en\/#\/schema\/logo\/image\/"},"sameAs":["https:\/\/www.facebook.com\/Les-Pirogues-196343400391466\/","https:\/\/www.youtube.com\/user\/lespirogues\/featured"]}]}},"_links":{"self":[{"href":"https:\/\/www.lespirogues.com\/en\/wp-json\/wp\/v2\/pages\/4089","targetHints":{"allow":["GET"]}}],"collection":[{"href":"https:\/\/www.lespirogues.com\/en\/wp-json\/wp\/v2\/pages"}],"about":[{"href":"https:\/\/www.lespirogues.com\/en\/wp-json\/wp\/v2\/types\/page"}],"author":[{"embeddable":true,"href":"https:\/\/www.lespirogues.com\/en\/wp-json\/wp\/v2\/users\/1"}],"replies":[{"embeddable":true,"href":"https:\/\/www.lespirogues.com\/en\/wp-json\/wp\/v2\/comments?post=4089"}],"version-history":[{"count":0,"href":"https:\/\/www.lespirogues.com\/en\/wp-json\/wp\/v2\/pages\/4089\/revisions"}],"wp:attachment":[{"href":"https:\/\/www.lespirogues.com\/en\/wp-json\/wp\/v2\/media?parent=4089"}],"curies":[{"name":"wp","href":"https:\/\/api.w.org\/{rel}","templated":true}]}}